{"id":1221,"date":"2022-01-17T11:18:28","date_gmt":"2022-01-17T10:18:28","guid":{"rendered":"https:\/\/www.monmousseau.com\/presentation-of-monmousseau\/"},"modified":"2024-09-13T10:54:57","modified_gmt":"2024-09-13T08:54:57","slug":"monmousseau","status":"publish","type":"page","link":"https:\/\/www.monmousseau.com\/en\/monmousseau\/","title":{"rendered":"Presentation of Monmousseau"},"content":{"rendered":"\t\t<div data-elementor-type=\"wp-page\" data-elementor-id=\"1221\" class=\"elementor elementor-1221 elementor-147\" data-elementor-post-type=\"page\">\n\t\t\t\t\t\t<section class=\"elementor-section elementor-top-section elementor-element elementor-element-2dcaf41 elementor-section-height-min-height elementor-section-boxed elementor-section-height-default elementor-section-items-middle\" data-id=\"2dcaf41\" data-element_type=\"section\" data-settings=\"{&quot;background_background&quot;:&quot;classic&quot;,&quot;shape_divider_top&quot;:&quot;tilt&quot;,&quot;shape_divider_bottom&quot;:&quot;tilt&quot;}\">\n\t\t\t\t\t<div class=\"elementor-shape elementor-shape-top\" data-negative=\"false\">\n\t\t\t<svg xmlns=\"http:\/\/www.w3.org\/2000\/svg\" viewBox=\"0 0 1000 100\" preserveAspectRatio=\"none\">\n\t<path class=\"elementor-shape-fill\" d=\"M0,6V0h1000v100L0,6z\"\/>\n<\/svg>\t\t<\/div>\n\t\t\t\t<div class=\"elementor-shape elementor-shape-bottom\" data-negative=\"false\">\n\t\t\t<svg xmlns=\"http:\/\/www.w3.org\/2000\/svg\" viewBox=\"0 0 1000 100\" preserveAspectRatio=\"none\">\n\t<path class=\"elementor-shape-fill\" d=\"M0,6V0h1000v100L0,6z\"\/>\n<\/svg>\t\t<\/div>\n\t\t\t\t\t<div class=\"elementor-container elementor-column-gap-default\">\n\t\t\t\t\t<div class=\"elementor-column elementor-col-100 elementor-top-column elementor-element elementor-element-68474d6\" data-id=\"68474d6\" data-element_type=\"column\">\n\t\t\t<div class=\"elementor-widget-wrap\">\n\t\t\t\t\t\t\t<\/div>\n\t\t<\/div>\n\t\t\t\t\t<\/div>\n\t\t<\/section>\n\t\t\t\t<section class=\"elementor-section elementor-top-section elementor-element elementor-element-6e29172 elementor-section-boxed elementor-section-height-default elementor-section-height-default\" data-id=\"6e29172\" data-element_type=\"section\">\n\t\t\t\t\t\t<div class=\"elementor-container elementor-column-gap-default\">\n\t\t\t\t\t<div class=\"elementor-column elementor-col-100 elementor-top-column elementor-element elementor-element-0dce1fe\" data-id=\"0dce1fe\" data-element_type=\"column\">\n\t\t\t<div class=\"elementor-widget-wrap elementor-element-populated\">\n\t\t\t\t\t\t<div class=\"elementor-element elementor-element-bd1e65b elementor-widget elementor-widget-breadcrumbs\" data-id=\"bd1e65b\" data-element_type=\"widget\" data-widget_type=\"breadcrumbs.default\">\n\t\t\t\t<div class=\"elementor-widget-container\">\n\t\t\t<p id=\"breadcrumbs\"><span><span><a href=\"https:\/\/www.monmousseau.com\/en\/home\/\">Accueil<\/a><\/span><\/span><\/p>\t\t<\/div>\n\t\t\t\t<\/div>\n\t\t\t\t<div class=\"elementor-element elementor-element-53bdb11 elementor-widget elementor-widget-heading\" data-id=\"53bdb11\" data-element_type=\"widget\" data-widget_type=\"heading.default\">\n\t\t\t\t<div class=\"elementor-widget-container\">\n\t\t\t<h1 class=\"elementor-heading-title elementor-size-default\">Presentation of Monmousseau<\/h1>\t\t<\/div>\n\t\t\t\t<\/div>\n\t\t\t\t\t<\/div>\n\t\t<\/div>\n\t\t\t\t\t<\/div>\n\t\t<\/section>\n\t\t\t\t<section class=\"elementor-section elementor-top-section elementor-element elementor-element-6d7f11d elementor-section-boxed elementor-section-height-default elementor-section-height-default\" data-id=\"6d7f11d\" data-element_type=\"section\">\n\t\t\t\t\t\t<div class=\"elementor-container elementor-column-gap-default\">\n\t\t\t\t\t<div class=\"elementor-column elementor-col-100 elementor-top-column elementor-element elementor-element-5315fe0\" data-id=\"5315fe0\" data-element_type=\"column\">\n\t\t\t<div class=\"elementor-widget-wrap elementor-element-populated\">\n\t\t\t\t\t\t<div class=\"elementor-element elementor-element-372cf12 elementor-cta--layout-image-left elementor-cta--mobile-layout-image-above elementor-cta--skin-classic elementor-animated-content elementor-bg-transform elementor-bg-transform-zoom-in elementor-widget elementor-widget-call-to-action\" data-id=\"372cf12\" data-element_type=\"widget\" data-widget_type=\"call-to-action.default\">\n\t\t\t\t<div class=\"elementor-widget-container\">\n\t\t\t\t\t<a class=\"elementor-cta\" href=\"https:\/\/www.monmousseau.com\/en\/monmousseau\/balcony-over-the-kings-valley\/\">\n\t\t\t\t\t<div class=\"elementor-cta__bg-wrapper\">\n\t\t\t\t<div class=\"elementor-cta__bg elementor-bg\" style=\"background-image: url(https:\/\/www.monmousseau.com\/wp-content\/uploads\/2022\/01\/MM-VISITE-\u00a9BRIAG-COURTEAUX-3-1024x683.jpg);\" role=\"img\" aria-label=\"Cave Monmousseau\"><\/div>\n\t\t\t\t<div class=\"elementor-cta__bg-overlay\"><\/div>\n\t\t\t<\/div>\n\t\t\t\t\t\t\t<div class=\"elementor-cta__content\">\n\t\t\t\t\n\t\t\t\t\t\t\t\t\t<h2 class=\"elementor-cta__title elementor-cta__content-item elementor-content-item\">\n\t\t\t\t\t\tA view of the Valley of the Kings\t\t\t\t\t<\/h2>\n\t\t\t\t\n\t\t\t\t\t\t\t\t\t<div class=\"elementor-cta__description elementor-cta__content-item elementor-content-item\">\n\t\t\t\t\t\t<p>The house of Monmousseau is at the heart of the Loire valley in Montrichard. This region is remarkable for the quality of its architectural heritage, its historic towns and its prestigious constructions, drenched in history.<\/p>\n\t\t\t\t\t<\/div>\n\t\t\t\t\n\t\t\t\t\t\t\t\t\t<div class=\"elementor-cta__button-wrapper elementor-cta__content-item elementor-content-item \">\n\t\t\t\t\t<span class=\"elementor-cta__button elementor-button elementor-size-\">\n\t\t\t\t\t\tRead more\t\t\t\t\t<\/span>\n\t\t\t\t\t<\/div>\n\t\t\t\t\t\t\t<\/div>\n\t\t\t\t\t\t<\/a>\n\t\t\t\t<\/div>\n\t\t\t\t<\/div>\n\t\t\t\t<div class=\"elementor-element elementor-element-87c8445 elementor-cta--layout-image-right elementor-cta--mobile-layout-image-above elementor-cta--skin-classic elementor-animated-content elementor-bg-transform elementor-bg-transform-zoom-in elementor-widget elementor-widget-call-to-action\" data-id=\"87c8445\" data-element_type=\"widget\" data-widget_type=\"call-to-action.default\">\n\t\t\t\t<div class=\"elementor-widget-container\">\n\t\t\t\t\t<a class=\"elementor-cta\" href=\"https:\/\/www.monmousseau.com\/en\/monmousseau\/monmousseau-s-history\/\">\n\t\t\t\t\t<div class=\"elementor-cta__bg-wrapper\">\n\t\t\t\t<div class=\"elementor-cta__bg elementor-bg\" style=\"background-image: url(https:\/\/www.monmousseau.com\/wp-content\/uploads\/2022\/01\/histoire-jm2_-3a32a2ae12.jpg);\" role=\"img\" aria-label=\"histoire-jm2_-3a32a2ae12\"><\/div>\n\t\t\t\t<div class=\"elementor-cta__bg-overlay\"><\/div>\n\t\t\t<\/div>\n\t\t\t\t\t\t\t<div class=\"elementor-cta__content\">\n\t\t\t\t\n\t\t\t\t\t\t\t\t\t<h2 class=\"elementor-cta__title elementor-cta__content-item elementor-content-item\">\n\t\t\t\t\t\tMonmousseau's history\t\t\t\t\t<\/h2>\n\t\t\t\t\n\t\t\t\t\t\t\t\t\t<div class=\"elementor-cta__description elementor-cta__content-item elementor-content-item\">\n\t\t\t\t\t\t<p>The tradition began with the audacity and expertise of Alcide Monmousseau who founded in 1886, this fine wine merchant house in Montrichard (Loir et Cher), where he discovered one of the most important quarries of regional tuffeau stone.<\/p>\n\t\t\t\t\t<\/div>\n\t\t\t\t\n\t\t\t\t\t\t\t\t\t<div class=\"elementor-cta__button-wrapper elementor-cta__content-item elementor-content-item \">\n\t\t\t\t\t<span class=\"elementor-cta__button elementor-button elementor-size-\">\n\t\t\t\t\t\tRead more\t\t\t\t\t<\/span>\n\t\t\t\t\t<\/div>\n\t\t\t\t\t\t\t<\/div>\n\t\t\t\t\t\t<\/a>\n\t\t\t\t<\/div>\n\t\t\t\t<\/div>\n\t\t\t\t<div class=\"elementor-element elementor-element-23d922a elementor-cta--layout-image-left elementor-cta--mobile-layout-image-above elementor-cta--skin-classic elementor-animated-content elementor-bg-transform elementor-bg-transform-zoom-in elementor-widget elementor-widget-call-to-action\" data-id=\"23d922a\" data-element_type=\"widget\" data-widget_type=\"call-to-action.default\">\n\t\t\t\t<div class=\"elementor-widget-container\">\n\t\t\t\t\t<a class=\"elementor-cta\" href=\"https:\/\/www.monmousseau.com\/en\/monmousseau\/know-how\/\">\n\t\t\t\t\t<div class=\"elementor-cta__bg-wrapper\">\n\t\t\t\t<div class=\"elementor-cta__bg elementor-bg\" style=\"background-image: url(https:\/\/www.monmousseau.com\/wp-content\/uploads\/2022\/01\/MM\u2013-Cuvees-JM-sur-lattes-\u00a9PHILIPPE-BODY-1-1024x683.jpg);\" role=\"img\" aria-label=\"Caves de Monmousseau - Montrichard - Loir et Cher (41) - France\"><\/div>\n\t\t\t\t<div class=\"elementor-cta__bg-overlay\"><\/div>\n\t\t\t<\/div>\n\t\t\t\t\t\t\t<div class=\"elementor-cta__content\">\n\t\t\t\t\n\t\t\t\t\t\t\t\t\t<h2 class=\"elementor-cta__title elementor-cta__content-item elementor-content-item\">\n\t\t\t\t\t\tKnow-how\t\t\t\t\t<\/h2>\n\t\t\t\t\n\t\t\t\t\t\t\t\t\t<div class=\"elementor-cta__description elementor-cta__content-item elementor-content-item\">\n\t\t\t\t\t\t<p>With its exceptional know-how dating back to 1886, Monmousseau masters the art of blending Loire Valley appellations and the production of still wines. The variety of the soils in Touraine and the diversity of the area\u2019s grape varieties such as Chenin Blanc, Cabernet Franc or more specifically Cot (Malbec) produce complex and top quality Monmousseau wines.<\/p>\n\t\t\t\t\t<\/div>\n\t\t\t\t\n\t\t\t\t\t\t\t\t\t<div class=\"elementor-cta__button-wrapper elementor-cta__content-item elementor-content-item \">\n\t\t\t\t\t<span class=\"elementor-cta__button elementor-button elementor-size-\">\n\t\t\t\t\t\tRead more\t\t\t\t\t<\/span>\n\t\t\t\t\t<\/div>\n\t\t\t\t\t\t\t<\/div>\n\t\t\t\t\t\t<\/a>\n\t\t\t\t<\/div>\n\t\t\t\t<\/div>\n\t\t\t\t\t<\/div>\n\t\t<\/div>\n\t\t\t\t\t<\/div>\n\t\t<\/section>\n\t\t\t\t<\/div>\n\t\t","protected":false},"excerpt":{"rendered":"<p><a href=\"https:\/\/www.monmousseau.com\/en\/monmousseau\/balcony-over-the-kings-valley\/\"><\/a><\/p>\n<p>A view of the Valley of the Kings<\/p>\n<p>The house of Monmousseau is at the heart of the Loire valley in Montrichard. This region is remarkable for the quality of its architectural heritage, its historic towns and its prestigious constructions, drenched in history.<\/p>\n<p>\t\t\t\t\t\tRead more<\/p>\n<p>\t\t\t\t\t<a href=\"https:\/\/www.monmousseau.com\/en\/monmousseau\/monmousseau-s-history\/\"><\/a><\/p>\n<p>Monmousseau&#8217;s history<\/p>\n<p>The tradition began with the audacity and expertise of Alcide Monmousseau who founded in 1886, this fine wine merchant house in Montrichard (Loir et Cher),<\/p>\n<p>  <a href=\"https:\/\/www.monmousseau.com\/en\/monmousseau\/\">&nbsp;&raquo;&nbsp;Read more about: Presentation of Monmousseau &nbsp;&raquo;<\/a><\/p>\n","protected":false},"author":1,"featured_media":0,"parent":0,"menu_order":0,"comment_status":"closed","ping_status":"closed","template":"","meta":{"footnotes":""},"class_list":["post-1221","page","type-page","status-publish","hentry"],"yoast_head":"<!-- This site is optimized with the Yoast SEO plugin v26.8 - https:\/\/yoast.com\/product\/yoast-seo-wordpress\/ -->\n<title>Presentation of Monmousseau - Monmousseau<\/title>\n<meta name=\"robots\" content=\"index, follow, max-snippet:-1, max-image-preview:large, max-video-preview:-1\" \/>\n<link rel=\"canonical\" href=\"https:\/\/www.monmousseau.com\/en\/monmousseau\/\" \/>\n<meta property=\"og:locale\" content=\"en_US\" \/>\n<meta property=\"og:type\" content=\"article\" \/>\n<meta property=\"og:title\" content=\"Presentation of Monmousseau - Monmousseau\" \/>\n<meta property=\"og:description\" content=\"A view of the Valley of the Kings The house of Monmousseau is at the heart of the Loire valley in Montrichard. This region is remarkable for the quality of its architectural heritage, its historic towns and its prestigious constructions, drenched in history.    Read more       Monmousseau&#8217;s history The tradition began with the audacity and expertise of Alcide Monmousseau who founded in 1886, this fine wine merchant house in Montrichard (Loir et Cher), &nbsp;&raquo;&nbsp;Read more about: Presentation of Monmousseau &nbsp;&raquo;\" \/>\n<meta property=\"og:url\" content=\"https:\/\/www.monmousseau.com\/en\/monmousseau\/\" \/>\n<meta property=\"og:site_name\" content=\"Monmousseau\" \/>\n<meta property=\"article:modified_time\" content=\"2024-09-13T08:54:57+00:00\" \/>\n<meta name=\"twitter:card\" content=\"summary_large_image\" \/>\n<meta name=\"twitter:label1\" content=\"Est. reading time\" \/>\n\t<meta name=\"twitter:data1\" content=\"1 minute\" \/>\n<script type=\"application\/ld+json\" class=\"yoast-schema-graph\">{\"@context\":\"https:\/\/schema.org\",\"@graph\":[{\"@type\":\"WebPage\",\"@id\":\"https:\/\/www.monmousseau.com\/en\/monmousseau\/\",\"url\":\"https:\/\/www.monmousseau.com\/en\/monmousseau\/\",\"name\":\"Presentation of Monmousseau - Monmousseau\",\"isPartOf\":{\"@id\":\"https:\/\/www.monmousseau.com\/#website\"},\"datePublished\":\"2022-01-17T10:18:28+00:00\",\"dateModified\":\"2024-09-13T08:54:57+00:00\",\"breadcrumb\":{\"@id\":\"https:\/\/www.monmousseau.com\/en\/monmousseau\/#breadcrumb\"},\"inLanguage\":\"en-US\",\"potentialAction\":[{\"@type\":\"ReadAction\",\"target\":[\"https:\/\/www.monmousseau.com\/en\/monmousseau\/\"]}]},{\"@type\":\"BreadcrumbList\",\"@id\":\"https:\/\/www.monmousseau.com\/en\/monmousseau\/#breadcrumb\",\"itemListElement\":[{\"@type\":\"ListItem\",\"position\":1,\"name\":\"Accueil\",\"item\":\"https:\/\/www.monmousseau.com\/en\/home\/\"},{\"@type\":\"ListItem\",\"position\":2,\"name\":\"Presentation of Monmousseau\"}]},{\"@type\":\"WebSite\",\"@id\":\"https:\/\/www.monmousseau.com\/#website\",\"url\":\"https:\/\/www.monmousseau.com\/\",\"name\":\"Monmousseau\",\"description\":\"D\u00e9couvrez les Caves Monmousseau, sa visite au c\u0153ur des caves de lumi\u00e8res, sa d\u00e9gustation et ses fines bulles de Touraine depuis 1886.\",\"publisher\":{\"@id\":\"https:\/\/www.monmousseau.com\/#organization\"},\"potentialAction\":[{\"@type\":\"SearchAction\",\"target\":{\"@type\":\"EntryPoint\",\"urlTemplate\":\"https:\/\/www.monmousseau.com\/?s={search_term_string}\"},\"query-input\":{\"@type\":\"PropertyValueSpecification\",\"valueRequired\":true,\"valueName\":\"search_term_string\"}}],\"inLanguage\":\"en-US\"},{\"@type\":\"Organization\",\"@id\":\"https:\/\/www.monmousseau.com\/#organization\",\"name\":\"Monmousseau\",\"url\":\"https:\/\/www.monmousseau.com\/\",\"logo\":{\"@type\":\"ImageObject\",\"inLanguage\":\"en-US\",\"@id\":\"https:\/\/www.monmousseau.com\/#\/schema\/logo\/image\/\",\"url\":\"https:\/\/www.monmousseau.com\/wp-content\/uploads\/2022\/01\/logo_header-3.png\",\"contentUrl\":\"https:\/\/www.monmousseau.com\/wp-content\/uploads\/2022\/01\/logo_header-3.png\",\"width\":307,\"height\":75,\"caption\":\"Monmousseau\"},\"image\":{\"@id\":\"https:\/\/www.monmousseau.com\/#\/schema\/logo\/image\/\"}}]}<\/script>\n<!-- \/ Yoast SEO plugin. -->","yoast_head_json":{"title":"Presentation of Monmousseau - Monmousseau","robots":{"index":"index","follow":"follow","max-snippet":"max-snippet:-1","max-image-preview":"max-image-preview:large","max-video-preview":"max-video-preview:-1"},"canonical":"https:\/\/www.monmousseau.com\/en\/monmousseau\/","og_locale":"en_US","og_type":"article","og_title":"Presentation of Monmousseau - Monmousseau","og_description":"A view of the Valley of the Kings The house of Monmousseau is at the heart of the Loire valley in Montrichard. This region is remarkable for the quality of its architectural heritage, its historic towns and its prestigious constructions, drenched in history.    Read more       Monmousseau&#8217;s history The tradition began with the audacity and expertise of Alcide Monmousseau who founded in 1886, this fine wine merchant house in Montrichard (Loir et Cher), &nbsp;&raquo;&nbsp;Read more about: Presentation of Monmousseau &nbsp;&raquo;","og_url":"https:\/\/www.monmousseau.com\/en\/monmousseau\/","og_site_name":"Monmousseau","article_modified_time":"2024-09-13T08:54:57+00:00","twitter_card":"summary_large_image","twitter_misc":{"Est. reading time":"1 minute"},"schema":{"@context":"https:\/\/schema.org","@graph":[{"@type":"WebPage","@id":"https:\/\/www.monmousseau.com\/en\/monmousseau\/","url":"https:\/\/www.monmousseau.com\/en\/monmousseau\/","name":"Presentation of Monmousseau - Monmousseau","isPartOf":{"@id":"https:\/\/www.monmousseau.com\/#website"},"datePublished":"2022-01-17T10:18:28+00:00","dateModified":"2024-09-13T08:54:57+00:00","breadcrumb":{"@id":"https:\/\/www.monmousseau.com\/en\/monmousseau\/#breadcrumb"},"inLanguage":"en-US","potentialAction":[{"@type":"ReadAction","target":["https:\/\/www.monmousseau.com\/en\/monmousseau\/"]}]},{"@type":"BreadcrumbList","@id":"https:\/\/www.monmousseau.com\/en\/monmousseau\/#breadcrumb","itemListElement":[{"@type":"ListItem","position":1,"name":"Accueil","item":"https:\/\/www.monmousseau.com\/en\/home\/"},{"@type":"ListItem","position":2,"name":"Presentation of Monmousseau"}]},{"@type":"WebSite","@id":"https:\/\/www.monmousseau.com\/#website","url":"https:\/\/www.monmousseau.com\/","name":"Monmousseau","description":"D\u00e9couvrez les Caves Monmousseau, sa visite au c\u0153ur des caves de lumi\u00e8res, sa d\u00e9gustation et ses fines bulles de Touraine depuis 1886.","publisher":{"@id":"https:\/\/www.monmousseau.com\/#organization"},"potentialAction":[{"@type":"SearchAction","target":{"@type":"EntryPoint","urlTemplate":"https:\/\/www.monmousseau.com\/?s={search_term_string}"},"query-input":{"@type":"PropertyValueSpecification","valueRequired":true,"valueName":"search_term_string"}}],"inLanguage":"en-US"},{"@type":"Organization","@id":"https:\/\/www.monmousseau.com\/#organization","name":"Monmousseau","url":"https:\/\/www.monmousseau.com\/","logo":{"@type":"ImageObject","inLanguage":"en-US","@id":"https:\/\/www.monmousseau.com\/#\/schema\/logo\/image\/","url":"https:\/\/www.monmousseau.com\/wp-content\/uploads\/2022\/01\/logo_header-3.png","contentUrl":"https:\/\/www.monmousseau.com\/wp-content\/uploads\/2022\/01\/logo_header-3.png","width":307,"height":75,"caption":"Monmousseau"},"image":{"@id":"https:\/\/www.monmousseau.com\/#\/schema\/logo\/image\/"}}]}},"_links":{"self":[{"href":"https:\/\/www.monmousseau.com\/en\/wp-json\/wp\/v2\/pages\/1221","targetHints":{"allow":["GET"]}}],"collection":[{"href":"https:\/\/www.monmousseau.com\/en\/wp-json\/wp\/v2\/pages"}],"about":[{"href":"https:\/\/www.monmousseau.com\/en\/wp-json\/wp\/v2\/types\/page"}],"author":[{"embeddable":true,"href":"https:\/\/www.monmousseau.com\/en\/wp-json\/wp\/v2\/users\/1"}],"replies":[{"embeddable":true,"href":"https:\/\/www.monmousseau.com\/en\/wp-json\/wp\/v2\/comments?post=1221"}],"version-history":[{"count":10,"href":"https:\/\/www.monmousseau.com\/en\/wp-json\/wp\/v2\/pages\/1221\/revisions"}],"predecessor-version":[{"id":2101,"href":"https:\/\/www.monmousseau.com\/en\/wp-json\/wp\/v2\/pages\/1221\/revisions\/2101"}],"wp:attachment":[{"href":"https:\/\/www.monmousseau.com\/en\/wp-json\/wp\/v2\/media?parent=1221"}],"curies":[{"name":"wp","href":"https:\/\/api.w.org\/{rel}","templated":true}]}}