{"id":1230,"date":"2022-01-17T10:53:23","date_gmt":"2022-01-17T09:53:23","guid":{"rendered":"https:\/\/www.monmousseau.com\/presentation-of-monmousseau\/over-one-hundred-years-experience\/"},"modified":"2024-09-13T10:55:50","modified_gmt":"2024-09-13T08:55:50","slug":"know-how","status":"publish","type":"page","link":"https:\/\/www.monmousseau.com\/en\/monmousseau\/know-how\/","title":{"rendered":"Over one hundred year\u2019s experience"},"content":{"rendered":"\t\t<div data-elementor-type=\"wp-page\" data-elementor-id=\"1230\" class=\"elementor elementor-1230 elementor-125\" data-elementor-post-type=\"page\">\n\t\t\t\t\t\t<section class=\"elementor-section elementor-top-section elementor-element elementor-element-2edd2f7 elementor-section-height-min-height elementor-section-boxed elementor-section-height-default elementor-section-items-middle\" data-id=\"2edd2f7\" data-element_type=\"section\" data-settings=\"{&quot;background_background&quot;:&quot;classic&quot;,&quot;shape_divider_top&quot;:&quot;tilt&quot;,&quot;shape_divider_bottom&quot;:&quot;tilt&quot;}\">\n\t\t\t\t\t<div class=\"elementor-shape elementor-shape-top\" data-negative=\"false\">\n\t\t\t<svg xmlns=\"http:\/\/www.w3.org\/2000\/svg\" viewBox=\"0 0 1000 100\" preserveAspectRatio=\"none\">\n\t<path class=\"elementor-shape-fill\" d=\"M0,6V0h1000v100L0,6z\"\/>\n<\/svg>\t\t<\/div>\n\t\t\t\t<div class=\"elementor-shape elementor-shape-bottom\" data-negative=\"false\">\n\t\t\t<svg xmlns=\"http:\/\/www.w3.org\/2000\/svg\" viewBox=\"0 0 1000 100\" preserveAspectRatio=\"none\">\n\t<path class=\"elementor-shape-fill\" d=\"M0,6V0h1000v100L0,6z\"\/>\n<\/svg>\t\t<\/div>\n\t\t\t\t\t<div class=\"elementor-container elementor-column-gap-default\">\n\t\t\t\t\t<div class=\"elementor-column elementor-col-100 elementor-top-column elementor-element elementor-element-94762bc\" data-id=\"94762bc\" data-element_type=\"column\">\n\t\t\t<div class=\"elementor-widget-wrap\">\n\t\t\t\t\t\t\t<\/div>\n\t\t<\/div>\n\t\t\t\t\t<\/div>\n\t\t<\/section>\n\t\t\t\t<section class=\"elementor-section elementor-top-section elementor-element elementor-element-32a947e elementor-section-boxed elementor-section-height-default elementor-section-height-default\" data-id=\"32a947e\" data-element_type=\"section\">\n\t\t\t\t\t\t<div class=\"elementor-container elementor-column-gap-default\">\n\t\t\t\t\t<div class=\"elementor-column elementor-col-100 elementor-top-column elementor-element elementor-element-83a6bbc\" data-id=\"83a6bbc\" data-element_type=\"column\">\n\t\t\t<div class=\"elementor-widget-wrap elementor-element-populated\">\n\t\t\t\t\t\t<div class=\"elementor-element elementor-element-e2a7d2a elementor-widget elementor-widget-breadcrumbs\" data-id=\"e2a7d2a\" data-element_type=\"widget\" data-widget_type=\"breadcrumbs.default\">\n\t\t\t\t<div class=\"elementor-widget-container\">\n\t\t\t<p id=\"breadcrumbs\"><span><span><a href=\"https:\/\/www.monmousseau.com\/en\/home\/\">Accueil<\/a><\/span><\/span><\/p>\t\t<\/div>\n\t\t\t\t<\/div>\n\t\t\t\t<div class=\"elementor-element elementor-element-4a0abe5 elementor-widget elementor-widget-heading\" data-id=\"4a0abe5\" data-element_type=\"widget\" data-widget_type=\"heading.default\">\n\t\t\t\t<div class=\"elementor-widget-container\">\n\t\t\t<h1 class=\"elementor-heading-title elementor-size-default\">Over one hundred year\u2019s experience<\/h1>\t\t<\/div>\n\t\t\t\t<\/div>\n\t\t\t\t\t<\/div>\n\t\t<\/div>\n\t\t\t\t\t<\/div>\n\t\t<\/section>\n\t\t\t\t<section class=\"elementor-section elementor-top-section elementor-element elementor-element-bf9c118 elementor-section-boxed elementor-section-height-default elementor-section-height-default\" data-id=\"bf9c118\" data-element_type=\"section\">\n\t\t\t\t\t\t<div class=\"elementor-container elementor-column-gap-default\">\n\t\t\t\t\t<div class=\"elementor-column elementor-col-100 elementor-top-column elementor-element elementor-element-e74881e\" data-id=\"e74881e\" data-element_type=\"column\">\n\t\t\t<div class=\"elementor-widget-wrap elementor-element-populated\">\n\t\t\t\t\t\t<div class=\"elementor-element elementor-element-1d03748 elementor-widget elementor-widget-text-editor\" data-id=\"1d03748\" data-element_type=\"widget\" data-widget_type=\"text-editor.default\">\n\t\t\t\t<div class=\"elementor-widget-container\">\n\t\t\t\t\t\t\t<p>With its exceptional know-how dating back to 1886, Monmousseau masters the art of blending Loire Valley appellations and the production of still wines. The variety of the soils in Touraine and the diversity of the area\u2019s grape varieties such as Chenin Blanc, Cabernet Franc or more specifically Cot (Malbec) produce complex and top quality Monmousseau wines. The company selects the best grapes and implements authentic and traditional winemaking techniques, in view of obtaining elegant and prestigious wines with character. The wines are entirely made in the cellar. With its perfect and constant temperature of 12\u00b0C, this old quarry is a privileged place for the elaboration of Monmousseau\u2019s wines according to traditional techniques.<\/p>\n\t\t\t\t\t\t<\/div>\n\t\t\t\t<\/div>\n\t\t\t\t<div class=\"elementor-element elementor-element-a9cb56b elementor-cta--layout-image-right elementor-cta--mobile-layout-image-above elementor-cta--skin-classic elementor-animated-content elementor-bg-transform elementor-bg-transform-zoom-in elementor-widget elementor-widget-call-to-action\" data-id=\"a9cb56b\" data-element_type=\"widget\" data-widget_type=\"call-to-action.default\">\n\t\t\t\t<div class=\"elementor-widget-container\">\n\t\t\t\t\t<a class=\"elementor-cta\" href=\"https:\/\/www.monmousseau.com\/en\/monmousseau\/know-how\/traditional-method\/\">\n\t\t\t\t\t<div class=\"elementor-cta__bg-wrapper\">\n\t\t\t\t<div class=\"elementor-cta__bg elementor-bg\" style=\"background-image: url(https:\/\/www.monmousseau.com\/wp-content\/uploads\/2024\/02\/Monmousseau-PREVIEW-V1-0101-1024x760.jpg);\" role=\"img\" aria-label=\"Monmousseau\"><\/div>\n\t\t\t\t<div class=\"elementor-cta__bg-overlay\"><\/div>\n\t\t\t<\/div>\n\t\t\t\t\t\t\t<div class=\"elementor-cta__content\">\n\t\t\t\t\n\t\t\t\t\t\t\t\t\t<h2 class=\"elementor-cta__title elementor-cta__content-item elementor-content-item\">\n\t\t\t\t\t\tThe traditional method\t\t\t\t\t<\/h2>\n\t\t\t\t\n\t\t\t\t\t\t\t\t\t<div class=\"elementor-cta__description elementor-cta__content-item elementor-content-item\">\n\t\t\t\t\t\t<p>The wines are elaborated according to traditional techniques combined with Monmousseau\u2019s expertise. These uniquely made wines are produced following a maturing period of at least 12 months and even sometimes 2 or 3 years to fully express their aromatic potential and taste. The \u00ab traditional method \u00bb entails carrying out a second bottle fermentation.<\/p>\n\t\t\t\t\t<\/div>\n\t\t\t\t\n\t\t\t\t\t\t\t\t\t<div class=\"elementor-cta__button-wrapper elementor-cta__content-item elementor-content-item \">\n\t\t\t\t\t<span class=\"elementor-cta__button elementor-button elementor-size-\">\n\t\t\t\t\t\tRead more\t\t\t\t\t<\/span>\n\t\t\t\t\t<\/div>\n\t\t\t\t\t\t\t<\/div>\n\t\t\t\t\t\t<\/a>\n\t\t\t\t<\/div>\n\t\t\t\t<\/div>\n\t\t\t\t\t<\/div>\n\t\t<\/div>\n\t\t\t\t\t<\/div>\n\t\t<\/section>\n\t\t\t\t<section class=\"elementor-section elementor-top-section elementor-element elementor-element-90abf3c elementor-section-boxed elementor-section-height-default elementor-section-height-default\" data-id=\"90abf3c\" data-element_type=\"section\">\n\t\t\t\t\t\t<div class=\"elementor-container elementor-column-gap-default\">\n\t\t\t\t\t<div class=\"elementor-column elementor-col-50 elementor-top-column elementor-element elementor-element-2cbd676\" data-id=\"2cbd676\" data-element_type=\"column\">\n\t\t\t<div class=\"elementor-widget-wrap elementor-element-populated\">\n\t\t\t\t\t\t<div class=\"elementor-element elementor-element-98c8d64 elementor-align-left elementor-widget elementor-widget-button\" data-id=\"98c8d64\" data-element_type=\"widget\" data-widget_type=\"button.default\">\n\t\t\t\t<div class=\"elementor-widget-container\">\n\t\t\t\t\t\t\t<div class=\"elementor-button-wrapper\">\n\t\t\t\t\t<a class=\"elementor-button elementor-button-link elementor-size-sm\" href=\"https:\/\/www.monmousseau.com\/en\/monmousseau\/monmousseau-s-history\/\">\n\t\t\t\t\t\t<span class=\"elementor-button-content-wrapper\">\n\t\t\t\t\t\t<span class=\"elementor-button-icon\">\n\t\t\t\t<i aria-hidden=\"true\" class=\"fas fa-arrow-left\"><\/i>\t\t\t<\/span>\n\t\t\t\t\t\t\t\t\t<span class=\"elementor-button-text\">History<\/span>\n\t\t\t\t\t<\/span>\n\t\t\t\t\t<\/a>\n\t\t\t\t<\/div>\n\t\t\t\t\t\t<\/div>\n\t\t\t\t<\/div>\n\t\t\t\t\t<\/div>\n\t\t<\/div>\n\t\t\t\t<div class=\"elementor-column elementor-col-50 elementor-top-column elementor-element elementor-element-e4b872a\" data-id=\"e4b872a\" data-element_type=\"column\">\n\t\t\t<div class=\"elementor-widget-wrap\">\n\t\t\t\t\t\t\t<\/div>\n\t\t<\/div>\n\t\t\t\t\t<\/div>\n\t\t<\/section>\n\t\t\t\t<\/div>\n\t\t","protected":false},"excerpt":{"rendered":"<p>With its exceptional know-how dating back to 1886, Monmousseau masters the art of blending Loire Valley appellations and the production of still wines. The variety of the soils in Touraine and the diversity of the area\u2019s grape varieties such as Chenin Blanc, Cabernet Franc or more specifically Cot (Malbec) produce complex and top quality Monmousseau wines. The company selects the best grapes and implements authentic and traditional winemaking techniques, in view of obtaining elegant and prestigious wines with character.<\/p>\n<p>  <a href=\"https:\/\/www.monmousseau.com\/en\/monmousseau\/know-how\/\">&nbsp;&raquo;&nbsp;Read more about: Over one hundred year\u2019s experience &nbsp;&raquo;<\/a><\/p>\n","protected":false},"author":1,"featured_media":0,"parent":1221,"menu_order":0,"comment_status":"closed","ping_status":"closed","template":"","meta":{"footnotes":""},"class_list":["post-1230","page","type-page","status-publish","hentry"],"yoast_head":"<!-- This site is optimized with the Yoast SEO plugin v26.8 - https:\/\/yoast.com\/product\/yoast-seo-wordpress\/ -->\n<title>Over one hundred year\u2019s experience - Monmousseau<\/title>\n<meta name=\"description\" content=\"Rich of a know-how recognized since 1886, Maison Monmousseau is specialized in the elaboration of fine bubble wines of Touraine.\" \/>\n<meta name=\"robots\" content=\"index, follow, max-snippet:-1, max-image-preview:large, max-video-preview:-1\" \/>\n<link rel=\"canonical\" href=\"https:\/\/www.monmousseau.com\/en\/monmousseau\/know-how\/\" \/>\n<meta property=\"og:locale\" content=\"en_US\" \/>\n<meta property=\"og:type\" content=\"article\" \/>\n<meta property=\"og:title\" content=\"Over one hundred year\u2019s experience - Monmousseau\" \/>\n<meta property=\"og:description\" content=\"Rich of a know-how recognized since 1886, Maison Monmousseau is specialized in the elaboration of fine bubble wines of Touraine.\" \/>\n<meta property=\"og:url\" content=\"https:\/\/www.monmousseau.com\/en\/monmousseau\/know-how\/\" \/>\n<meta property=\"og:site_name\" content=\"Monmousseau\" \/>\n<meta property=\"article:modified_time\" content=\"2024-09-13T08:55:50+00:00\" \/>\n<meta name=\"twitter:card\" content=\"summary_large_image\" \/>\n<meta name=\"twitter:label1\" content=\"Est. reading time\" \/>\n\t<meta name=\"twitter:data1\" content=\"1 minute\" \/>\n<script type=\"application\/ld+json\" class=\"yoast-schema-graph\">{\"@context\":\"https:\/\/schema.org\",\"@graph\":[{\"@type\":\"WebPage\",\"@id\":\"https:\/\/www.monmousseau.com\/en\/monmousseau\/know-how\/\",\"url\":\"https:\/\/www.monmousseau.com\/en\/monmousseau\/know-how\/\",\"name\":\"Over one hundred year\u2019s experience - Monmousseau\",\"isPartOf\":{\"@id\":\"https:\/\/www.monmousseau.com\/#website\"},\"datePublished\":\"2022-01-17T09:53:23+00:00\",\"dateModified\":\"2024-09-13T08:55:50+00:00\",\"description\":\"Rich of a know-how recognized since 1886, Maison Monmousseau is specialized in the elaboration of fine bubble wines of Touraine.\",\"breadcrumb\":{\"@id\":\"https:\/\/www.monmousseau.com\/en\/monmousseau\/know-how\/#breadcrumb\"},\"inLanguage\":\"en-US\",\"potentialAction\":[{\"@type\":\"ReadAction\",\"target\":[\"https:\/\/www.monmousseau.com\/en\/monmousseau\/know-how\/\"]}]},{\"@type\":\"BreadcrumbList\",\"@id\":\"https:\/\/www.monmousseau.com\/en\/monmousseau\/know-how\/#breadcrumb\",\"itemListElement\":[{\"@type\":\"ListItem\",\"position\":1,\"name\":\"Accueil\",\"item\":\"https:\/\/www.monmousseau.com\/en\/home\/\"},{\"@type\":\"ListItem\",\"position\":2,\"name\":\"Presentation of Monmousseau\",\"item\":\"https:\/\/www.monmousseau.com\/en\/monmousseau\/\"},{\"@type\":\"ListItem\",\"position\":3,\"name\":\"Over one hundred year\u2019s experience\"}]},{\"@type\":\"WebSite\",\"@id\":\"https:\/\/www.monmousseau.com\/#website\",\"url\":\"https:\/\/www.monmousseau.com\/\",\"name\":\"Monmousseau\",\"description\":\"D\u00e9couvrez les Caves Monmousseau, sa visite au c\u0153ur des caves de lumi\u00e8res, sa d\u00e9gustation et ses fines bulles de Touraine depuis 1886.\",\"publisher\":{\"@id\":\"https:\/\/www.monmousseau.com\/#organization\"},\"potentialAction\":[{\"@type\":\"SearchAction\",\"target\":{\"@type\":\"EntryPoint\",\"urlTemplate\":\"https:\/\/www.monmousseau.com\/?s={search_term_string}\"},\"query-input\":{\"@type\":\"PropertyValueSpecification\",\"valueRequired\":true,\"valueName\":\"search_term_string\"}}],\"inLanguage\":\"en-US\"},{\"@type\":\"Organization\",\"@id\":\"https:\/\/www.monmousseau.com\/#organization\",\"name\":\"Monmousseau\",\"url\":\"https:\/\/www.monmousseau.com\/\",\"logo\":{\"@type\":\"ImageObject\",\"inLanguage\":\"en-US\",\"@id\":\"https:\/\/www.monmousseau.com\/#\/schema\/logo\/image\/\",\"url\":\"https:\/\/www.monmousseau.com\/wp-content\/uploads\/2022\/01\/logo_header-3.png\",\"contentUrl\":\"https:\/\/www.monmousseau.com\/wp-content\/uploads\/2022\/01\/logo_header-3.png\",\"width\":307,\"height\":75,\"caption\":\"Monmousseau\"},\"image\":{\"@id\":\"https:\/\/www.monmousseau.com\/#\/schema\/logo\/image\/\"}}]}<\/script>\n<!-- \/ Yoast SEO plugin. -->","yoast_head_json":{"title":"Over one hundred year\u2019s experience - Monmousseau","description":"Rich of a know-how recognized since 1886, Maison Monmousseau is specialized in the elaboration of fine bubble wines of Touraine.","robots":{"index":"index","follow":"follow","max-snippet":"max-snippet:-1","max-image-preview":"max-image-preview:large","max-video-preview":"max-video-preview:-1"},"canonical":"https:\/\/www.monmousseau.com\/en\/monmousseau\/know-how\/","og_locale":"en_US","og_type":"article","og_title":"Over one hundred year\u2019s experience - Monmousseau","og_description":"Rich of a know-how recognized since 1886, Maison Monmousseau is specialized in the elaboration of fine bubble wines of Touraine.","og_url":"https:\/\/www.monmousseau.com\/en\/monmousseau\/know-how\/","og_site_name":"Monmousseau","article_modified_time":"2024-09-13T08:55:50+00:00","twitter_card":"summary_large_image","twitter_misc":{"Est. reading time":"1 minute"},"schema":{"@context":"https:\/\/schema.org","@graph":[{"@type":"WebPage","@id":"https:\/\/www.monmousseau.com\/en\/monmousseau\/know-how\/","url":"https:\/\/www.monmousseau.com\/en\/monmousseau\/know-how\/","name":"Over one hundred year\u2019s experience - Monmousseau","isPartOf":{"@id":"https:\/\/www.monmousseau.com\/#website"},"datePublished":"2022-01-17T09:53:23+00:00","dateModified":"2024-09-13T08:55:50+00:00","description":"Rich of a know-how recognized since 1886, Maison Monmousseau is specialized in the elaboration of fine bubble wines of Touraine.","breadcrumb":{"@id":"https:\/\/www.monmousseau.com\/en\/monmousseau\/know-how\/#breadcrumb"},"inLanguage":"en-US","potentialAction":[{"@type":"ReadAction","target":["https:\/\/www.monmousseau.com\/en\/monmousseau\/know-how\/"]}]},{"@type":"BreadcrumbList","@id":"https:\/\/www.monmousseau.com\/en\/monmousseau\/know-how\/#breadcrumb","itemListElement":[{"@type":"ListItem","position":1,"name":"Accueil","item":"https:\/\/www.monmousseau.com\/en\/home\/"},{"@type":"ListItem","position":2,"name":"Presentation of Monmousseau","item":"https:\/\/www.monmousseau.com\/en\/monmousseau\/"},{"@type":"ListItem","position":3,"name":"Over one hundred year\u2019s experience"}]},{"@type":"WebSite","@id":"https:\/\/www.monmousseau.com\/#website","url":"https:\/\/www.monmousseau.com\/","name":"Monmousseau","description":"D\u00e9couvrez les Caves Monmousseau, sa visite au c\u0153ur des caves de lumi\u00e8res, sa d\u00e9gustation et ses fines bulles de Touraine depuis 1886.","publisher":{"@id":"https:\/\/www.monmousseau.com\/#organization"},"potentialAction":[{"@type":"SearchAction","target":{"@type":"EntryPoint","urlTemplate":"https:\/\/www.monmousseau.com\/?s={search_term_string}"},"query-input":{"@type":"PropertyValueSpecification","valueRequired":true,"valueName":"search_term_string"}}],"inLanguage":"en-US"},{"@type":"Organization","@id":"https:\/\/www.monmousseau.com\/#organization","name":"Monmousseau","url":"https:\/\/www.monmousseau.com\/","logo":{"@type":"ImageObject","inLanguage":"en-US","@id":"https:\/\/www.monmousseau.com\/#\/schema\/logo\/image\/","url":"https:\/\/www.monmousseau.com\/wp-content\/uploads\/2022\/01\/logo_header-3.png","contentUrl":"https:\/\/www.monmousseau.com\/wp-content\/uploads\/2022\/01\/logo_header-3.png","width":307,"height":75,"caption":"Monmousseau"},"image":{"@id":"https:\/\/www.monmousseau.com\/#\/schema\/logo\/image\/"}}]}},"_links":{"self":[{"href":"https:\/\/www.monmousseau.com\/en\/wp-json\/wp\/v2\/pages\/1230","targetHints":{"allow":["GET"]}}],"collection":[{"href":"https:\/\/www.monmousseau.com\/en\/wp-json\/wp\/v2\/pages"}],"about":[{"href":"https:\/\/www.monmousseau.com\/en\/wp-json\/wp\/v2\/types\/page"}],"author":[{"embeddable":true,"href":"https:\/\/www.monmousseau.com\/en\/wp-json\/wp\/v2\/users\/1"}],"replies":[{"embeddable":true,"href":"https:\/\/www.monmousseau.com\/en\/wp-json\/wp\/v2\/comments?post=1230"}],"version-history":[{"count":11,"href":"https:\/\/www.monmousseau.com\/en\/wp-json\/wp\/v2\/pages\/1230\/revisions"}],"predecessor-version":[{"id":1800,"href":"https:\/\/www.monmousseau.com\/en\/wp-json\/wp\/v2\/pages\/1230\/revisions\/1800"}],"up":[{"embeddable":true,"href":"https:\/\/www.monmousseau.com\/en\/wp-json\/wp\/v2\/pages\/1221"}],"wp:attachment":[{"href":"https:\/\/www.monmousseau.com\/en\/wp-json\/wp\/v2\/media?parent=1230"}],"curies":[{"name":"wp","href":"https:\/\/api.w.org\/{rel}","templated":true}]}}