{"id":1242,"date":"2022-01-22T12:31:39","date_gmt":"2022-01-22T11:31:39","guid":{"rendered":"https:\/\/www.monmousseau.com\/our-partners\/"},"modified":"2022-03-08T19:47:39","modified_gmt":"2022-03-08T18:47:39","slug":"our-partners","status":"publish","type":"page","link":"https:\/\/www.monmousseau.com\/en\/our-partners\/","title":{"rendered":"Our partners"},"content":{"rendered":"\t\t<div data-elementor-type=\"wp-page\" data-elementor-id=\"1242\" class=\"elementor elementor-1242 elementor-771\" data-elementor-post-type=\"page\">\n\t\t\t\t\t\t<section class=\"elementor-section elementor-top-section elementor-element elementor-element-f505b9a elementor-section-height-min-height elementor-section-boxed elementor-section-height-default elementor-section-items-middle\" data-id=\"f505b9a\" data-element_type=\"section\" data-settings=\"{&quot;background_background&quot;:&quot;classic&quot;,&quot;shape_divider_top&quot;:&quot;tilt&quot;,&quot;shape_divider_bottom&quot;:&quot;tilt&quot;}\">\n\t\t\t\t\t<div class=\"elementor-shape elementor-shape-top\" data-negative=\"false\">\n\t\t\t<svg xmlns=\"http:\/\/www.w3.org\/2000\/svg\" viewBox=\"0 0 1000 100\" preserveAspectRatio=\"none\">\n\t<path class=\"elementor-shape-fill\" d=\"M0,6V0h1000v100L0,6z\"\/>\n<\/svg>\t\t<\/div>\n\t\t\t\t<div class=\"elementor-shape elementor-shape-bottom\" data-negative=\"false\">\n\t\t\t<svg xmlns=\"http:\/\/www.w3.org\/2000\/svg\" viewBox=\"0 0 1000 100\" preserveAspectRatio=\"none\">\n\t<path class=\"elementor-shape-fill\" d=\"M0,6V0h1000v100L0,6z\"\/>\n<\/svg>\t\t<\/div>\n\t\t\t\t\t<div class=\"elementor-container elementor-column-gap-default\">\n\t\t\t\t\t<div class=\"elementor-column elementor-col-100 elementor-top-column elementor-element elementor-element-5f77fd8\" data-id=\"5f77fd8\" data-element_type=\"column\">\n\t\t\t<div class=\"elementor-widget-wrap\">\n\t\t\t\t\t\t\t<\/div>\n\t\t<\/div>\n\t\t\t\t\t<\/div>\n\t\t<\/section>\n\t\t\t\t<section class=\"elementor-section elementor-top-section elementor-element elementor-element-93af022 elementor-section-boxed elementor-section-height-default elementor-section-height-default\" data-id=\"93af022\" data-element_type=\"section\">\n\t\t\t\t\t\t<div class=\"elementor-container elementor-column-gap-default\">\n\t\t\t\t\t<div class=\"elementor-column elementor-col-100 elementor-top-column elementor-element elementor-element-f7abf77\" data-id=\"f7abf77\" data-element_type=\"column\">\n\t\t\t<div class=\"elementor-widget-wrap elementor-element-populated\">\n\t\t\t\t\t\t<div class=\"elementor-element elementor-element-25868e8 elementor-widget elementor-widget-breadcrumbs\" data-id=\"25868e8\" data-element_type=\"widget\" data-widget_type=\"breadcrumbs.default\">\n\t\t\t\t<div class=\"elementor-widget-container\">\n\t\t\t<p id=\"breadcrumbs\"><span><span><a href=\"https:\/\/www.monmousseau.com\/en\/home\/\">Accueil<\/a><\/span><\/span><\/p>\t\t<\/div>\n\t\t\t\t<\/div>\n\t\t\t\t<div class=\"elementor-element elementor-element-4afa33d elementor-widget elementor-widget-heading\" data-id=\"4afa33d\" data-element_type=\"widget\" data-widget_type=\"heading.default\">\n\t\t\t\t<div class=\"elementor-widget-container\">\n\t\t\t<h1 class=\"elementor-heading-title elementor-size-default\">Partners<\/h1>\t\t<\/div>\n\t\t\t\t<\/div>\n\t\t\t\t\t<\/div>\n\t\t<\/div>\n\t\t\t\t\t<\/div>\n\t\t<\/section>\n\t\t\t\t<section class=\"elementor-section elementor-top-section elementor-element elementor-element-1dfb647 elementor-section-boxed elementor-section-height-default elementor-section-height-default\" data-id=\"1dfb647\" data-element_type=\"section\">\n\t\t\t\t\t\t<div class=\"elementor-container elementor-column-gap-default\">\n\t\t\t\t\t<div class=\"elementor-column elementor-col-100 elementor-top-column elementor-element elementor-element-570d344\" data-id=\"570d344\" data-element_type=\"column\">\n\t\t\t<div class=\"elementor-widget-wrap elementor-element-populated\">\n\t\t\t\t\t\t<div class=\"elementor-element elementor-element-06e96a9 elementor-position-left elementor-vertical-align-top elementor-widget elementor-widget-image-box\" data-id=\"06e96a9\" data-element_type=\"widget\" data-widget_type=\"image-box.default\">\n\t\t\t\t<div class=\"elementor-widget-container\">\n\t\t\t<div class=\"elementor-image-box-wrapper\"><figure class=\"elementor-image-box-img\"><a href=\"https:\/\/www.ackerman.fr\/\" tabindex=\"-1\"><img decoding=\"async\" width=\"200\" height=\"200\" src=\"https:\/\/www.monmousseau.com\/wp-content\/uploads\/2022\/01\/ackerman_d57469bbe585b1e426e971898f002e8c.jpg\" class=\"elementor-animation-grow attachment-medium size-medium wp-image-1174\" alt=\"\" srcset=\"https:\/\/www.monmousseau.com\/wp-content\/uploads\/2022\/01\/ackerman_d57469bbe585b1e426e971898f002e8c.jpg 200w, https:\/\/www.monmousseau.com\/wp-content\/uploads\/2022\/01\/ackerman_d57469bbe585b1e426e971898f002e8c-150x150.jpg 150w\" sizes=\"(max-width: 200px) 100vw, 200px\" \/><\/a><\/figure><div class=\"elementor-image-box-content\"><h2 class=\"elementor-image-box-title\"><a href=\"https:\/\/www.ackerman.fr\/\">Ackerman<\/a><\/h2><p class=\"elementor-image-box-description\">Founded in 1811, Ackerman is the oldest House of fine bubbles in the Loire, specializing in the production of Saumur and Cr\u00e9mant de Loire appellations.<\/p><\/div><\/div>\t\t<\/div>\n\t\t\t\t<\/div>\n\t\t\t\t<div class=\"elementor-element elementor-element-f4999af elementor-position-left elementor-vertical-align-top elementor-widget elementor-widget-image-box\" data-id=\"f4999af\" data-element_type=\"widget\" data-widget_type=\"image-box.default\">\n\t\t\t\t<div class=\"elementor-widget-container\">\n\t\t\t<div class=\"elementor-image-box-wrapper\"><figure class=\"elementor-image-box-img\"><a href=\"https:\/\/www.val-de-loire-41.com\/\" tabindex=\"-1\"><img decoding=\"async\" width=\"296\" height=\"95\" src=\"https:\/\/www.monmousseau.com\/wp-content\/uploads\/2022\/01\/logo-vdl41-2x.png\" class=\"elementor-animation-grow attachment-medium size-medium wp-image-1175\" alt=\"\" \/><\/a><\/figure><div class=\"elementor-image-box-content\"><h2 class=\"elementor-image-box-title\"><a href=\"https:\/\/www.val-de-loire-41.com\/\">Coeur Val de Loire<\/a><\/h2><p class=\"elementor-image-box-description\">For your vacations in the Loire Valley, the Loir-et-Cher is THE destination to live: Chambord castles, Sologne, Beauval ZooPark, art of living and much more<\/p><\/div><\/div>\t\t<\/div>\n\t\t\t\t<\/div>\n\t\t\t\t<div class=\"elementor-element elementor-element-34ef8a1 elementor-position-left elementor-vertical-align-top elementor-widget elementor-widget-image-box\" data-id=\"34ef8a1\" data-element_type=\"widget\" data-widget_type=\"image-box.default\">\n\t\t\t\t<div class=\"elementor-widget-container\">\n\t\t\t<div class=\"elementor-image-box-wrapper\"><figure class=\"elementor-image-box-img\"><a href=\"https:\/\/www.centre-valdeloire.fr\/\" tabindex=\"-1\"><img fetchpriority=\"high\" decoding=\"async\" width=\"300\" height=\"220\" src=\"https:\/\/www.monmousseau.com\/wp-content\/uploads\/2022\/01\/1200px-Logo_Centre_Val_Loire_2015.svg-300x220.png\" class=\"elementor-animation-grow attachment-medium size-medium wp-image-1176\" alt=\"\" srcset=\"https:\/\/www.monmousseau.com\/wp-content\/uploads\/2022\/01\/1200px-Logo_Centre_Val_Loire_2015.svg-300x220.png 300w, https:\/\/www.monmousseau.com\/wp-content\/uploads\/2022\/01\/1200px-Logo_Centre_Val_Loire_2015.svg-1024x752.png 1024w, https:\/\/www.monmousseau.com\/wp-content\/uploads\/2022\/01\/1200px-Logo_Centre_Val_Loire_2015.svg-768x564.png 768w, https:\/\/www.monmousseau.com\/wp-content\/uploads\/2022\/01\/1200px-Logo_Centre_Val_Loire_2015.svg.png 1200w\" sizes=\"(max-width: 300px) 100vw, 300px\" \/><\/a><\/figure><div class=\"elementor-image-box-content\"><h2 class=\"elementor-image-box-title\"><a href=\"https:\/\/www.centre-valdeloire.fr\/\">Conseil R\u00e9gional Centre<\/a><\/h2><p class=\"elementor-image-box-description\">Activity, employment, environment and solidarity are at the heart of the challenges taken up by the Centre-Val de Loire Region for your future.<\/p><\/div><\/div>\t\t<\/div>\n\t\t\t\t<\/div>\n\t\t\t\t<div class=\"elementor-element elementor-element-f2979a0 elementor-position-left elementor-vertical-align-top elementor-widget elementor-widget-image-box\" data-id=\"f2979a0\" data-element_type=\"widget\" data-widget_type=\"image-box.default\">\n\t\t\t\t<div class=\"elementor-widget-container\">\n\t\t\t<div class=\"elementor-image-box-wrapper\"><figure class=\"elementor-image-box-img\"><a href=\"https:\/\/www.amboise-valdeloire.com\/\" tabindex=\"-1\"><img loading=\"lazy\" decoding=\"async\" width=\"300\" height=\"202\" src=\"https:\/\/www.monmousseau.com\/wp-content\/uploads\/2022\/01\/logo-2018-office-de-tourisme-amboise-redim-300x202.jpg\" class=\"elementor-animation-grow attachment-medium size-medium wp-image-1177\" alt=\"\" srcset=\"https:\/\/www.monmousseau.com\/wp-content\/uploads\/2022\/01\/logo-2018-office-de-tourisme-amboise-redim-300x202.jpg 300w, https:\/\/www.monmousseau.com\/wp-content\/uploads\/2022\/01\/logo-2018-office-de-tourisme-amboise-redim-768x517.jpg 768w, https:\/\/www.monmousseau.com\/wp-content\/uploads\/2022\/01\/logo-2018-office-de-tourisme-amboise-redim.jpg 800w\" sizes=\"(max-width: 300px) 100vw, 300px\" \/><\/a><\/figure><div class=\"elementor-image-box-content\"><h2 class=\"elementor-image-box-title\"><a href=\"https:\/\/www.amboise-valdeloire.com\/\">Amboise Val de Loire<\/a><\/h2><p class=\"elementor-image-box-description\">Discover Amboise Val de Loire, in the heart of the Loire castles. Weekend and Pass Loire castles, gastronomy, cycling, vineyards<\/p><\/div><\/div>\t\t<\/div>\n\t\t\t\t<\/div>\n\t\t\t\t<div class=\"elementor-element elementor-element-dcd5748 elementor-position-left elementor-vertical-align-top elementor-widget elementor-widget-image-box\" data-id=\"dcd5748\" data-element_type=\"widget\" data-widget_type=\"image-box.default\">\n\t\t\t\t<div class=\"elementor-widget-container\">\n\t\t\t<div class=\"elementor-image-box-wrapper\"><figure class=\"elementor-image-box-img\"><a href=\"https:\/\/www.bloischambord.com\/\" tabindex=\"-1\"><img decoding=\"async\" src=\"https:\/\/www.monmousseau.com\/wp-content\/uploads\/elementor\/thumbs\/logo-1-pjdxcmwz4doffjbcv7d8ubrpb65kxg3modgnmsi29s.png\" title=\"logo (1)\" alt=\"logo (1)\" class=\"elementor-animation-grow\" loading=\"lazy\" \/><\/a><\/figure><div class=\"elementor-image-box-content\"><h2 class=\"elementor-image-box-title\"><a href=\"https:\/\/www.bloischambord.com\/\">Office de Tourisme Blois Chambord<\/a><\/h2><p class=\"elementor-image-box-description\">All the good addresses in the castles of the Loire Valley, sale of castle passes and stays. Book your accommodation and consult the calendar of events<\/p><\/div><\/div>\t\t<\/div>\n\t\t\t\t<\/div>\n\t\t\t\t<div class=\"elementor-element elementor-element-7543c6b elementor-position-left elementor-vertical-align-top elementor-widget elementor-widget-image-box\" data-id=\"7543c6b\" data-element_type=\"widget\" data-widget_type=\"image-box.default\">\n\t\t\t\t<div class=\"elementor-widget-container\">\n\t\t\t<div class=\"elementor-image-box-wrapper\"><figure class=\"elementor-image-box-img\"><a href=\"https:\/\/www.sudvaldeloire.fr\/\" tabindex=\"-1\"><img decoding=\"async\" src=\"https:\/\/www.monmousseau.com\/wp-content\/uploads\/elementor\/thumbs\/54514416_2157978047593076_915155044267982848_n-pjdxftlaa61eryos9kxqaitxs6gd0iqvs51w6js16o.png\" title=\"54514416_2157978047593076_915155044267982848_n\" alt=\"54514416_2157978047593076_915155044267982848_n\" class=\"elementor-animation-grow\" loading=\"lazy\" \/><\/a><\/figure><div class=\"elementor-image-box-content\"><h2 class=\"elementor-image-box-title\"><a href=\"https:\/\/www.sudvaldeloire.fr\/\">Sud Val de Loire Tourisme<\/a><\/h2><p class=\"elementor-image-box-description\">Live intense moments in the land of the Cher and the Chateaux of the Loire. Organize your family vacation.<\/p><\/div><\/div>\t\t<\/div>\n\t\t\t\t<\/div>\n\t\t\t\t\t<\/div>\n\t\t<\/div>\n\t\t\t\t\t<\/div>\n\t\t<\/section>\n\t\t\t\t<\/div>\n\t\t","protected":false},"excerpt":{"rendered":"<style>\/*! elementor - v3.5.6 - 28-02-2022 *\/\n.elementor-heading-title{padding:0;margin:0;line-height:1}.elementor-widget-heading .elementor-heading-title[class*=elementor-size-]a{color:inherit;font-size:inherit;line-height:inherit}.elementor-widget-heading .elementor-heading-title.elementor-size-small{font-size:15px}.elementor-widget-heading .elementor-heading-title.elementor-size-medium{font-size:19px}.elementor-widget-heading .elementor-heading-title.elementor-size-large{font-size:29px}.elementor-widget-heading .elementor-heading-title.elementor-size-xl{font-size:39px}.elementor-widget-heading .elementor-heading-title.elementor-size-xxl{font-size:59px}<\/style>\n<p>Partners<\/p>\n<style>\/*! elementor - v3.5.6 - 28-02-2022 *\/\n.elementor-widget-image-box .elementor-image-box-content{width:100%}@media (min-width:768px){.elementor-widget-image-box.elementor-position-left .elementor-image-box-wrapper,.elementor-widget-image-box.elementor-position-right .elementor-image-box-wrapper{display:-webkit-box;display:-ms-flexbox;display:flex}.elementor-widget-image-box.elementor-position-right .elementor-image-box-wrapper{text-align:right;-webkit-box-orient:horizontal;-webkit-box-direction:reverse;-ms-flex-direction:row-reverse;flex-direction:row-reverse}.elementor-widget-image-box.elementor-position-left .elementor-image-box-wrapper{text-align:left;-webkit-box-orient:horizontal;-webkit-box-direction:normal;-ms-flex-direction:row;flex-direction:row}.elementor-widget-image-box.elementor-position-top .elementor-image-box-img{margin:auto}.elementor-widget-image-box.elementor-vertical-align-top .elementor-image-box-wrapper{-webkit-box-align:start;-ms-flex-align:start;align-items:flex-start}.elementor-widget-image-box.elementor-vertical-align-middle .elementor-image-box-wrapper{-webkit-box-align:center;-ms-flex-align:center;align-items:center}.elementor-widget-image-box.elementor-vertical-align-bottom .elementor-image-box-wrapper{-webkit-box-align:end;-ms-flex-align:end;align-items:flex-end}}@media (max-width:767px){.elementor-widget-image-box .elementor-image-box-img{margin-left:auto!important;margin-right:auto!important;margin-bottom:15px}}.elementor-widget-image-box .elementor-image-box-img{display:inline-block}.elementor-widget-image-box .elementor-image-box-title a{color:inherit}.elementor-widget-image-box .elementor-image-box-wrapper{text-align:center}.elementor-widget-image-box .elementor-image-box-description{margin:0}<\/style>\n<p><a href=\"https:\/\/www.ackerman.fr\/\"><img loading=\"lazy\" loading=\"lazy\" decoding=\"async\" width=\"200\" height=\"200\" src=\"https:\/\/www.monmousseau.com\/wp-content\/uploads\/2022\/01\/ackerman_d57469bbe585b1e426e971898f002e8c.jpg\" alt=\"\" loading=\"lazy\" \/><\/a><br \/>\n<a href=\"https:\/\/www.ackerman.fr\/\">Ackerman<\/a><\/p>\n<p>Founded in 1811, Ackerman is the oldest House of fine bubbles in the Loire, specializing in the production of Saumur and Cr\u00e9mant de Loire appellations.<\/p>\n<p>  <a href=\"https:\/\/www.monmousseau.com\/en\/our-partners\/\">&nbsp;&raquo;&nbsp;Read more about: Our partners &nbsp;&raquo;<\/a><\/p>\n","protected":false},"author":1,"featured_media":0,"parent":0,"menu_order":0,"comment_status":"closed","ping_status":"closed","template":"","meta":{"footnotes":""},"class_list":["post-1242","page","type-page","status-publish","hentry"],"yoast_head":"<!-- This site is optimized with the Yoast SEO plugin v26.8 - https:\/\/yoast.com\/product\/yoast-seo-wordpress\/ -->\n<title>Our partners - Monmousseau<\/title>\n<meta name=\"robots\" content=\"index, follow, max-snippet:-1, max-image-preview:large, max-video-preview:-1\" \/>\n<link rel=\"canonical\" href=\"https:\/\/www.monmousseau.com\/en\/our-partners\/\" \/>\n<meta property=\"og:locale\" content=\"en_US\" \/>\n<meta property=\"og:type\" content=\"article\" \/>\n<meta property=\"og:title\" content=\"Our partners - Monmousseau\" \/>\n<meta property=\"og:description\" content=\"Partners  Ackerman Founded in 1811, Ackerman is the oldest House of fine bubbles in the Loire, specializing in the production of Saumur and Cr\u00e9mant de Loire appellations. &nbsp;&raquo;&nbsp;Read more about: Our partners &nbsp;&raquo;\" \/>\n<meta property=\"og:url\" content=\"https:\/\/www.monmousseau.com\/en\/our-partners\/\" \/>\n<meta property=\"og:site_name\" content=\"Monmousseau\" \/>\n<meta property=\"article:modified_time\" content=\"2022-03-08T18:47:39+00:00\" \/>\n<meta property=\"og:image\" content=\"https:\/\/www.monmousseau.com\/wp-content\/uploads\/2022\/01\/ackerman_d57469bbe585b1e426e971898f002e8c.jpg\" \/>\n<meta name=\"twitter:card\" content=\"summary_large_image\" \/>\n<meta name=\"twitter:label1\" content=\"Est. reading time\" \/>\n\t<meta name=\"twitter:data1\" content=\"1 minute\" \/>\n<script type=\"application\/ld+json\" class=\"yoast-schema-graph\">{\"@context\":\"https:\/\/schema.org\",\"@graph\":[{\"@type\":\"WebPage\",\"@id\":\"https:\/\/www.monmousseau.com\/en\/our-partners\/\",\"url\":\"https:\/\/www.monmousseau.com\/en\/our-partners\/\",\"name\":\"Our partners - Monmousseau\",\"isPartOf\":{\"@id\":\"https:\/\/www.monmousseau.com\/#website\"},\"primaryImageOfPage\":{\"@id\":\"https:\/\/www.monmousseau.com\/en\/our-partners\/#primaryimage\"},\"image\":{\"@id\":\"https:\/\/www.monmousseau.com\/en\/our-partners\/#primaryimage\"},\"thumbnailUrl\":\"https:\/\/www.monmousseau.com\/wp-content\/uploads\/2022\/01\/ackerman_d57469bbe585b1e426e971898f002e8c.jpg\",\"datePublished\":\"2022-01-22T11:31:39+00:00\",\"dateModified\":\"2022-03-08T18:47:39+00:00\",\"breadcrumb\":{\"@id\":\"https:\/\/www.monmousseau.com\/en\/our-partners\/#breadcrumb\"},\"inLanguage\":\"en-US\",\"potentialAction\":[{\"@type\":\"ReadAction\",\"target\":[\"https:\/\/www.monmousseau.com\/en\/our-partners\/\"]}]},{\"@type\":\"ImageObject\",\"inLanguage\":\"en-US\",\"@id\":\"https:\/\/www.monmousseau.com\/en\/our-partners\/#primaryimage\",\"url\":\"https:\/\/www.monmousseau.com\/wp-content\/uploads\/2022\/01\/ackerman_d57469bbe585b1e426e971898f002e8c.jpg\",\"contentUrl\":\"https:\/\/www.monmousseau.com\/wp-content\/uploads\/2022\/01\/ackerman_d57469bbe585b1e426e971898f002e8c.jpg\"},{\"@type\":\"BreadcrumbList\",\"@id\":\"https:\/\/www.monmousseau.com\/en\/our-partners\/#breadcrumb\",\"itemListElement\":[{\"@type\":\"ListItem\",\"position\":1,\"name\":\"Accueil\",\"item\":\"https:\/\/www.monmousseau.com\/en\/home\/\"},{\"@type\":\"ListItem\",\"position\":2,\"name\":\"Our partners\"}]},{\"@type\":\"WebSite\",\"@id\":\"https:\/\/www.monmousseau.com\/#website\",\"url\":\"https:\/\/www.monmousseau.com\/\",\"name\":\"Monmousseau\",\"description\":\"D\u00e9couvrez les Caves Monmousseau, sa visite au c\u0153ur des caves de lumi\u00e8res, sa d\u00e9gustation et ses fines bulles de Touraine depuis 1886.\",\"publisher\":{\"@id\":\"https:\/\/www.monmousseau.com\/#organization\"},\"potentialAction\":[{\"@type\":\"SearchAction\",\"target\":{\"@type\":\"EntryPoint\",\"urlTemplate\":\"https:\/\/www.monmousseau.com\/?s={search_term_string}\"},\"query-input\":{\"@type\":\"PropertyValueSpecification\",\"valueRequired\":true,\"valueName\":\"search_term_string\"}}],\"inLanguage\":\"en-US\"},{\"@type\":\"Organization\",\"@id\":\"https:\/\/www.monmousseau.com\/#organization\",\"name\":\"Monmousseau\",\"url\":\"https:\/\/www.monmousseau.com\/\",\"logo\":{\"@type\":\"ImageObject\",\"inLanguage\":\"en-US\",\"@id\":\"https:\/\/www.monmousseau.com\/#\/schema\/logo\/image\/\",\"url\":\"https:\/\/www.monmousseau.com\/wp-content\/uploads\/2022\/01\/logo_header-3.png\",\"contentUrl\":\"https:\/\/www.monmousseau.com\/wp-content\/uploads\/2022\/01\/logo_header-3.png\",\"width\":307,\"height\":75,\"caption\":\"Monmousseau\"},\"image\":{\"@id\":\"https:\/\/www.monmousseau.com\/#\/schema\/logo\/image\/\"}}]}<\/script>\n<!-- \/ Yoast SEO plugin. -->","yoast_head_json":{"title":"Our partners - Monmousseau","robots":{"index":"index","follow":"follow","max-snippet":"max-snippet:-1","max-image-preview":"max-image-preview:large","max-video-preview":"max-video-preview:-1"},"canonical":"https:\/\/www.monmousseau.com\/en\/our-partners\/","og_locale":"en_US","og_type":"article","og_title":"Our partners - Monmousseau","og_description":"Partners  Ackerman Founded in 1811, Ackerman is the oldest House of fine bubbles in the Loire, specializing in the production of Saumur and Cr\u00e9mant de Loire appellations. &nbsp;&raquo;&nbsp;Read more about: Our partners &nbsp;&raquo;","og_url":"https:\/\/www.monmousseau.com\/en\/our-partners\/","og_site_name":"Monmousseau","article_modified_time":"2022-03-08T18:47:39+00:00","og_image":[{"url":"https:\/\/www.monmousseau.com\/wp-content\/uploads\/2022\/01\/ackerman_d57469bbe585b1e426e971898f002e8c.jpg","type":"","width":"","height":""}],"twitter_card":"summary_large_image","twitter_misc":{"Est. reading time":"1 minute"},"schema":{"@context":"https:\/\/schema.org","@graph":[{"@type":"WebPage","@id":"https:\/\/www.monmousseau.com\/en\/our-partners\/","url":"https:\/\/www.monmousseau.com\/en\/our-partners\/","name":"Our partners - Monmousseau","isPartOf":{"@id":"https:\/\/www.monmousseau.com\/#website"},"primaryImageOfPage":{"@id":"https:\/\/www.monmousseau.com\/en\/our-partners\/#primaryimage"},"image":{"@id":"https:\/\/www.monmousseau.com\/en\/our-partners\/#primaryimage"},"thumbnailUrl":"https:\/\/www.monmousseau.com\/wp-content\/uploads\/2022\/01\/ackerman_d57469bbe585b1e426e971898f002e8c.jpg","datePublished":"2022-01-22T11:31:39+00:00","dateModified":"2022-03-08T18:47:39+00:00","breadcrumb":{"@id":"https:\/\/www.monmousseau.com\/en\/our-partners\/#breadcrumb"},"inLanguage":"en-US","potentialAction":[{"@type":"ReadAction","target":["https:\/\/www.monmousseau.com\/en\/our-partners\/"]}]},{"@type":"ImageObject","inLanguage":"en-US","@id":"https:\/\/www.monmousseau.com\/en\/our-partners\/#primaryimage","url":"https:\/\/www.monmousseau.com\/wp-content\/uploads\/2022\/01\/ackerman_d57469bbe585b1e426e971898f002e8c.jpg","contentUrl":"https:\/\/www.monmousseau.com\/wp-content\/uploads\/2022\/01\/ackerman_d57469bbe585b1e426e971898f002e8c.jpg"},{"@type":"BreadcrumbList","@id":"https:\/\/www.monmousseau.com\/en\/our-partners\/#breadcrumb","itemListElement":[{"@type":"ListItem","position":1,"name":"Accueil","item":"https:\/\/www.monmousseau.com\/en\/home\/"},{"@type":"ListItem","position":2,"name":"Our partners"}]},{"@type":"WebSite","@id":"https:\/\/www.monmousseau.com\/#website","url":"https:\/\/www.monmousseau.com\/","name":"Monmousseau","description":"D\u00e9couvrez les Caves Monmousseau, sa visite au c\u0153ur des caves de lumi\u00e8res, sa d\u00e9gustation et ses fines bulles de Touraine depuis 1886.","publisher":{"@id":"https:\/\/www.monmousseau.com\/#organization"},"potentialAction":[{"@type":"SearchAction","target":{"@type":"EntryPoint","urlTemplate":"https:\/\/www.monmousseau.com\/?s={search_term_string}"},"query-input":{"@type":"PropertyValueSpecification","valueRequired":true,"valueName":"search_term_string"}}],"inLanguage":"en-US"},{"@type":"Organization","@id":"https:\/\/www.monmousseau.com\/#organization","name":"Monmousseau","url":"https:\/\/www.monmousseau.com\/","logo":{"@type":"ImageObject","inLanguage":"en-US","@id":"https:\/\/www.monmousseau.com\/#\/schema\/logo\/image\/","url":"https:\/\/www.monmousseau.com\/wp-content\/uploads\/2022\/01\/logo_header-3.png","contentUrl":"https:\/\/www.monmousseau.com\/wp-content\/uploads\/2022\/01\/logo_header-3.png","width":307,"height":75,"caption":"Monmousseau"},"image":{"@id":"https:\/\/www.monmousseau.com\/#\/schema\/logo\/image\/"}}]}},"_links":{"self":[{"href":"https:\/\/www.monmousseau.com\/en\/wp-json\/wp\/v2\/pages\/1242","targetHints":{"allow":["GET"]}}],"collection":[{"href":"https:\/\/www.monmousseau.com\/en\/wp-json\/wp\/v2\/pages"}],"about":[{"href":"https:\/\/www.monmousseau.com\/en\/wp-json\/wp\/v2\/types\/page"}],"author":[{"embeddable":true,"href":"https:\/\/www.monmousseau.com\/en\/wp-json\/wp\/v2\/users\/1"}],"replies":[{"embeddable":true,"href":"https:\/\/www.monmousseau.com\/en\/wp-json\/wp\/v2\/comments?post=1242"}],"version-history":[{"count":2,"href":"https:\/\/www.monmousseau.com\/en\/wp-json\/wp\/v2\/pages\/1242\/revisions"}],"predecessor-version":[{"id":1244,"href":"https:\/\/www.monmousseau.com\/en\/wp-json\/wp\/v2\/pages\/1242\/revisions\/1244"}],"wp:attachment":[{"href":"https:\/\/www.monmousseau.com\/en\/wp-json\/wp\/v2\/media?parent=1242"}],"curies":[{"name":"wp","href":"https:\/\/api.w.org\/{rel}","templated":true}]}}