{"id":1245,"date":"2022-01-17T11:36:02","date_gmt":"2022-01-17T10:36:02","guid":{"rendered":"https:\/\/www.monmousseau.com\/visit-our-cellars\/"},"modified":"2024-09-13T10:56:10","modified_gmt":"2024-09-13T08:56:10","slug":"visit-our-cellars","status":"publish","type":"page","link":"https:\/\/www.monmousseau.com\/en\/visit-our-cellars\/","title":{"rendered":"Visit our cellars"},"content":{"rendered":"\t\t<div data-elementor-type=\"wp-page\" data-elementor-id=\"1245\" class=\"elementor elementor-1245 elementor-155\" data-elementor-post-type=\"page\">\n\t\t\t\t\t\t<section class=\"elementor-section elementor-top-section elementor-element elementor-element-a71e3de elementor-section-height-min-height elementor-section-boxed elementor-section-height-default elementor-section-items-middle\" data-id=\"a71e3de\" data-element_type=\"section\" data-settings=\"{&quot;background_background&quot;:&quot;classic&quot;,&quot;shape_divider_top&quot;:&quot;tilt&quot;,&quot;shape_divider_bottom&quot;:&quot;tilt&quot;}\">\n\t\t\t\t\t<div class=\"elementor-shape elementor-shape-top\" data-negative=\"false\">\n\t\t\t<svg xmlns=\"http:\/\/www.w3.org\/2000\/svg\" viewBox=\"0 0 1000 100\" preserveAspectRatio=\"none\">\n\t<path class=\"elementor-shape-fill\" d=\"M0,6V0h1000v100L0,6z\"\/>\n<\/svg>\t\t<\/div>\n\t\t\t\t<div class=\"elementor-shape elementor-shape-bottom\" data-negative=\"false\">\n\t\t\t<svg xmlns=\"http:\/\/www.w3.org\/2000\/svg\" viewBox=\"0 0 1000 100\" preserveAspectRatio=\"none\">\n\t<path class=\"elementor-shape-fill\" d=\"M0,6V0h1000v100L0,6z\"\/>\n<\/svg>\t\t<\/div>\n\t\t\t\t\t<div class=\"elementor-container elementor-column-gap-default\">\n\t\t\t\t\t<div class=\"elementor-column elementor-col-100 elementor-top-column elementor-element elementor-element-a0f5d85\" data-id=\"a0f5d85\" data-element_type=\"column\">\n\t\t\t<div class=\"elementor-widget-wrap\">\n\t\t\t\t\t\t\t<\/div>\n\t\t<\/div>\n\t\t\t\t\t<\/div>\n\t\t<\/section>\n\t\t\t\t<section class=\"elementor-section elementor-top-section elementor-element elementor-element-98f0af5 elementor-section-boxed elementor-section-height-default elementor-section-height-default\" data-id=\"98f0af5\" data-element_type=\"section\">\n\t\t\t\t\t\t<div class=\"elementor-container elementor-column-gap-default\">\n\t\t\t\t\t<div class=\"elementor-column elementor-col-100 elementor-top-column elementor-element elementor-element-62d11ad\" data-id=\"62d11ad\" data-element_type=\"column\">\n\t\t\t<div class=\"elementor-widget-wrap elementor-element-populated\">\n\t\t\t\t\t\t<div class=\"elementor-element elementor-element-d209d65 elementor-widget elementor-widget-breadcrumbs\" data-id=\"d209d65\" data-element_type=\"widget\" data-widget_type=\"breadcrumbs.default\">\n\t\t\t\t<div class=\"elementor-widget-container\">\n\t\t\t<p id=\"breadcrumbs\"><span><span><a href=\"https:\/\/www.monmousseau.com\/en\/home\/\">Accueil<\/a><\/span><\/span><\/p>\t\t<\/div>\n\t\t\t\t<\/div>\n\t\t\t\t<div class=\"elementor-element elementor-element-dc3aa6f elementor-widget elementor-widget-heading\" data-id=\"dc3aa6f\" data-element_type=\"widget\" data-widget_type=\"heading.default\">\n\t\t\t\t<div class=\"elementor-widget-container\">\n\t\t\t<h1 class=\"elementor-heading-title elementor-size-default\">Visit the Monmousseau cellars<\/h1>\t\t<\/div>\n\t\t\t\t<\/div>\n\t\t\t\t\t<\/div>\n\t\t<\/div>\n\t\t\t\t\t<\/div>\n\t\t<\/section>\n\t\t\t\t<section class=\"elementor-section elementor-top-section elementor-element elementor-element-af8b8e2 elementor-section-boxed elementor-section-height-default elementor-section-height-default\" data-id=\"af8b8e2\" data-element_type=\"section\">\n\t\t\t\t\t\t<div class=\"elementor-container elementor-column-gap-default\">\n\t\t\t\t\t<div class=\"elementor-column elementor-col-100 elementor-top-column elementor-element elementor-element-5df194f\" data-id=\"5df194f\" data-element_type=\"column\">\n\t\t\t<div class=\"elementor-widget-wrap elementor-element-populated\">\n\t\t\t\t\t\t<div class=\"elementor-element elementor-element-6e25cd3 elementor-widget elementor-widget-heading\" data-id=\"6e25cd3\" data-element_type=\"widget\" data-widget_type=\"heading.default\">\n\t\t\t\t<div class=\"elementor-widget-container\">\n\t\t\t<h2 class=\"elementor-heading-title elementor-size-default\">A visit to the heart of tradition<\/h2>\t\t<\/div>\n\t\t\t\t<\/div>\n\t\t\t\t<div class=\"elementor-element elementor-element-d28b4dc elementor-widget elementor-widget-image\" data-id=\"d28b4dc\" data-element_type=\"widget\" data-widget_type=\"image.default\">\n\t\t\t\t<div class=\"elementor-widget-container\">\n\t\t\t\t\t\t\t\t\t\t\t\t\t<img fetchpriority=\"high\" decoding=\"async\" width=\"1920\" height=\"800\" src=\"https:\/\/www.monmousseau.com\/wp-content\/uploads\/2022\/01\/senograhpie.jpg\" class=\"attachment-full size-full wp-image-1125\" alt=\"Cave Monmousseau\" srcset=\"https:\/\/www.monmousseau.com\/wp-content\/uploads\/2022\/01\/senograhpie.jpg 1920w, https:\/\/www.monmousseau.com\/wp-content\/uploads\/2022\/01\/senograhpie-300x125.jpg 300w, https:\/\/www.monmousseau.com\/wp-content\/uploads\/2022\/01\/senograhpie-1024x427.jpg 1024w, https:\/\/www.monmousseau.com\/wp-content\/uploads\/2022\/01\/senograhpie-768x320.jpg 768w, https:\/\/www.monmousseau.com\/wp-content\/uploads\/2022\/01\/senograhpie-1536x640.jpg 1536w\" sizes=\"(max-width: 1920px) 100vw, 1920px\" \/>\t\t\t\t\t\t\t\t\t\t\t\t\t<\/div>\n\t\t\t\t<\/div>\n\t\t\t\t<div class=\"elementor-element elementor-element-8878726 elementor-widget elementor-widget-text-editor\" data-id=\"8878726\" data-element_type=\"widget\" data-widget_type=\"text-editor.default\">\n\t\t\t\t<div class=\"elementor-widget-container\">\n\t\t\t\t\t\t\t<p>Maison Monmousseau has been producing prestigious fine bubbles in the greatest tradition since 1886. Our vintages are matured by hand in our tufa cellars. Dive into the authentic world of a great Touraine wine house with its know-how and its 15 km of galleries. An immersive and poetic journey of light projections on the famous castles of the Loire Valley. <\/p>\n\t\t\t\t\t\t<\/div>\n\t\t\t\t<\/div>\n\t\t\t\t<div class=\"elementor-element elementor-element-c4ee733 elementor-cta--layout-image-left elementor-cta--mobile-layout-image-above elementor-cta--skin-classic elementor-animated-content elementor-bg-transform elementor-bg-transform-zoom-in elementor-widget elementor-widget-call-to-action\" data-id=\"c4ee733\" data-element_type=\"widget\" data-widget_type=\"call-to-action.default\">\n\t\t\t\t<div class=\"elementor-widget-container\">\n\t\t\t\t\t<div class=\"elementor-cta\">\n\t\t\t\t\t<div class=\"elementor-cta__bg-wrapper\">\n\t\t\t\t<div class=\"elementor-cta__bg elementor-bg\" style=\"background-image: url(https:\/\/www.monmousseau.com\/wp-content\/uploads\/2024\/02\/Projet_Cave_Monmousseau-PREVIEW-00088-1024x768.jpg);\" role=\"img\" aria-label=\"Visite caves monmousseau\"><\/div>\n\t\t\t\t<div class=\"elementor-cta__bg-overlay\"><\/div>\n\t\t\t<\/div>\n\t\t\t\t\t\t\t<div class=\"elementor-cta__content\">\n\t\t\t\t\n\t\t\t\t\t\t\t\t\t<h2 class=\"elementor-cta__title elementor-cta__content-item elementor-content-item\">\n\t\t\t\t\t\tDiscover the visit\t\t\t\t\t<\/h2>\n\t\t\t\t\n\t\t\t\t\t\t\t\t\t<div class=\"elementor-cta__description elementor-cta__content-item elementor-content-item\">\n\t\t\t\t\t\t<p>A new tour: an original concept combining art and history. The guided tour covers part of the 15 km of galleries in three stages.  <\/p>\n\t\t\t\t\t<\/div>\n\t\t\t\t\n\t\t\t\t\t\t\t\t\t<div class=\"elementor-cta__button-wrapper elementor-cta__content-item elementor-content-item \">\n\t\t\t\t\t<a class=\"elementor-cta__button elementor-button elementor-size-\" href=\"http:\/\/www.monmousseau.com\/visites-caves\/la-visite-des-caves-monmousseau\/\">\n\t\t\t\t\t\tVisit our cellars\t\t\t\t\t<\/a>\n\t\t\t\t\t<\/div>\n\t\t\t\t\t\t\t<\/div>\n\t\t\t\t\t\t<\/div>\n\t\t\t\t<\/div>\n\t\t\t\t<\/div>\n\t\t\t\t<div class=\"elementor-element elementor-element-8ac23cb elementor-cta--layout-image-right elementor-cta--mobile-layout-image-above elementor-cta--skin-classic elementor-animated-content elementor-bg-transform elementor-bg-transform-zoom-in elementor-widget elementor-widget-call-to-action\" data-id=\"8ac23cb\" data-element_type=\"widget\" data-widget_type=\"call-to-action.default\">\n\t\t\t\t<div class=\"elementor-widget-container\">\n\t\t\t\t\t<div class=\"elementor-cta\">\n\t\t\t\t\t<div class=\"elementor-cta__bg-wrapper\">\n\t\t\t\t<div class=\"elementor-cta__bg elementor-bg\" style=\"background-image: url(https:\/\/www.monmousseau.com\/wp-content\/uploads\/2022\/01\/monmousseau-00015.jpg);\" role=\"img\" aria-label=\"Caves Monmousseau - Exposition\"><\/div>\n\t\t\t\t<div class=\"elementor-cta__bg-overlay\"><\/div>\n\t\t\t<\/div>\n\t\t\t\t\t\t\t<div class=\"elementor-cta__content\">\n\t\t\t\t\n\t\t\t\t\t\t\t\t\t<h2 class=\"elementor-cta__title elementor-cta__content-item elementor-content-item\">\n\t\t\t\t\t\tOur image gallery\t\t\t\t\t<\/h2>\n\t\t\t\t\n\t\t\t\t\t\t\t\t\t<div class=\"elementor-cta__description elementor-cta__content-item elementor-content-item\">\n\t\t\t\t\t\t<p>Find the universe and the spirit of the Monmousseau cellars through our photos or those taken by our visitors.<\/p>\n\t\t\t\t\t<\/div>\n\t\t\t\t\n\t\t\t\t\t\t\t\t\t<div class=\"elementor-cta__button-wrapper elementor-cta__content-item elementor-content-item \">\n\t\t\t\t\t<a class=\"elementor-cta__button elementor-button elementor-size-\" href=\"http:\/\/www.monmousseau.com\/visites-caves\/galerie-d-images\/\">\n\t\t\t\t\t\tView the gallery\t\t\t\t\t<\/a>\n\t\t\t\t\t<\/div>\n\t\t\t\t\t\t\t<\/div>\n\t\t\t\t\t\t<\/div>\n\t\t\t\t<\/div>\n\t\t\t\t<\/div>\n\t\t\t\t\t<\/div>\n\t\t<\/div>\n\t\t\t\t\t<\/div>\n\t\t<\/section>\n\t\t\t\t<section class=\"elementor-section elementor-top-section elementor-element elementor-element-582d37a elementor-section-boxed elementor-section-height-default elementor-section-height-default\" data-id=\"582d37a\" data-element_type=\"section\">\n\t\t\t\t\t\t<div class=\"elementor-container elementor-column-gap-default\">\n\t\t\t\t\t<div class=\"elementor-column elementor-col-50 elementor-top-column elementor-element elementor-element-97fe380\" data-id=\"97fe380\" data-element_type=\"column\">\n\t\t\t<div class=\"elementor-widget-wrap elementor-element-populated\">\n\t\t\t\t\t\t<div class=\"elementor-element elementor-element-d122e9f elementor-align-center elementor-widget elementor-widget-button\" data-id=\"d122e9f\" data-element_type=\"widget\" data-widget_type=\"button.default\">\n\t\t\t\t<div class=\"elementor-widget-container\">\n\t\t\t\t\t\t\t<div class=\"elementor-button-wrapper\">\n\t\t\t\t\t<a class=\"elementor-button elementor-button-link elementor-size-sm\" href=\"http:\/\/www.monmousseau.com\/visites-caves\/info-pratique\/\" target=\"_blank\">\n\t\t\t\t\t\t<span class=\"elementor-button-content-wrapper\">\n\t\t\t\t\t\t<span class=\"elementor-button-icon\">\n\t\t\t\t<i aria-hidden=\"true\" class=\"far fa-calendar-check\"><\/i>\t\t\t<\/span>\n\t\t\t\t\t\t\t\t\t<span class=\"elementor-button-text\">Access, rates &amp; schedules<\/span>\n\t\t\t\t\t<\/span>\n\t\t\t\t\t<\/a>\n\t\t\t\t<\/div>\n\t\t\t\t\t\t<\/div>\n\t\t\t\t<\/div>\n\t\t\t\t\t<\/div>\n\t\t<\/div>\n\t\t\t\t<div class=\"elementor-column elementor-col-50 elementor-top-column elementor-element elementor-element-cecbfa0\" data-id=\"cecbfa0\" data-element_type=\"column\">\n\t\t\t<div class=\"elementor-widget-wrap elementor-element-populated\">\n\t\t\t\t\t\t<div class=\"elementor-element elementor-element-bacac29 elementor-align-center elementor-widget elementor-widget-button\" data-id=\"bacac29\" data-element_type=\"widget\" data-widget_type=\"button.default\">\n\t\t\t\t<div class=\"elementor-widget-container\">\n\t\t\t\t\t\t\t<div class=\"elementor-button-wrapper\">\n\t\t\t\t\t<a class=\"elementor-button elementor-button-link elementor-size-sm\" href=\"http:\/\/www.monmousseau.com\/visites-caves\/contact\/\">\n\t\t\t\t\t\t<span class=\"elementor-button-content-wrapper\">\n\t\t\t\t\t\t<span class=\"elementor-button-icon\">\n\t\t\t\t<i aria-hidden=\"true\" class=\"fas fa-phone-volume\"><\/i>\t\t\t<\/span>\n\t\t\t\t\t\t\t\t\t<span class=\"elementor-button-text\">Need more information? Contact us<\/span>\n\t\t\t\t\t<\/span>\n\t\t\t\t\t<\/a>\n\t\t\t\t<\/div>\n\t\t\t\t\t\t<\/div>\n\t\t\t\t<\/div>\n\t\t\t\t\t<\/div>\n\t\t<\/div>\n\t\t\t\t\t<\/div>\n\t\t<\/section>\n\t\t\t\t<\/div>\n\t\t","protected":false},"excerpt":{"rendered":"<p>Visit the Monmousseau cellars<br \/>\nA visit to the heart of tradition<\/p>\n<p>\t\t\t\t\t\t\t\t\t\t\t\t\t\t\t<img loading=\"lazy\" loading=\"lazy\" decoding=\"async\" width=\"1920\" height=\"800\" src=\"https:\/\/www.monmousseau.com\/wp-content\/uploads\/2022\/01\/senograhpie.jpg\" alt=\"Cave Monmousseau\" loading=\"lazy\" srcset=\"https:\/\/www.monmousseau.com\/wp-content\/uploads\/2022\/01\/senograhpie.jpg 1920w, https:\/\/www.monmousseau.com\/wp-content\/uploads\/2022\/01\/senograhpie-300x125.jpg 300w, https:\/\/www.monmousseau.com\/wp-content\/uploads\/2022\/01\/senograhpie-1024x427.jpg 1024w, https:\/\/www.monmousseau.com\/wp-content\/uploads\/2022\/01\/senograhpie-768x320.jpg 768w, https:\/\/www.monmousseau.com\/wp-content\/uploads\/2022\/01\/senograhpie-1536x640.jpg 1536w\" sizes=\"auto, (max-width: 1920px) 100vw, 1920px\" \/>\t\t\t\t\t\t\t\t\t\t\t\t\t\t\t<\/p>\n<p>Maison Monmousseau has been producing prestigious fine bubbles in the greatest tradition since 1886. Our vintages are matured by hand in our tufa cellars. Dive into the authentic world of a great Touraine wine house with its know-how and its 15 km of galleries. An immersive and poetic journey of light projections on the famous castles of the Loire Valley. <\/p>\n<p>Discover the visit<\/p>\n<p>A new tour: an original concept combining art and history.<\/p>\n<p>  <a href=\"https:\/\/www.monmousseau.com\/en\/visit-our-cellars\/\">&nbsp;&raquo;&nbsp;Read more about: Visit our cellars &nbsp;&raquo;<\/a><\/p>\n","protected":false},"author":1,"featured_media":0,"parent":0,"menu_order":0,"comment_status":"closed","ping_status":"closed","template":"","meta":{"footnotes":""},"class_list":["post-1245","page","type-page","status-publish","hentry"],"yoast_head":"<!-- This site is optimized with the Yoast SEO plugin v26.8 - https:\/\/yoast.com\/product\/yoast-seo-wordpress\/ -->\n<title>Visit our cellars - Monmousseau<\/title>\n<meta name=\"robots\" content=\"index, follow, max-snippet:-1, max-image-preview:large, max-video-preview:-1\" \/>\n<link rel=\"canonical\" href=\"https:\/\/www.monmousseau.com\/en\/visit-our-cellars\/\" \/>\n<meta property=\"og:locale\" content=\"en_US\" \/>\n<meta property=\"og:type\" content=\"article\" \/>\n<meta property=\"og:title\" content=\"Visit our cellars - Monmousseau\" \/>\n<meta property=\"og:description\" content=\"Visit the Monmousseau cellars A visit to the heart of tradition                Maison Monmousseau has been producing prestigious fine bubbles in the greatest tradition since 1886. Our vintages are matured by hand in our tufa cellars. Dive into the authentic world of a great Touraine wine house with its know-how and its 15 km of galleries. An immersive and poetic journey of light projections on the famous castles of the Loire Valley. Discover the visit A new tour: an original concept combining art and history. &nbsp;&raquo;&nbsp;Read more about: Visit our cellars &nbsp;&raquo;\" \/>\n<meta property=\"og:url\" content=\"https:\/\/www.monmousseau.com\/en\/visit-our-cellars\/\" \/>\n<meta property=\"og:site_name\" content=\"Monmousseau\" \/>\n<meta property=\"article:modified_time\" content=\"2024-09-13T08:56:10+00:00\" \/>\n<meta property=\"og:image\" content=\"https:\/\/www.monmousseau.com\/wp-content\/uploads\/2022\/01\/senograhpie.jpg\" \/>\n<meta name=\"twitter:card\" content=\"summary_large_image\" \/>\n<meta name=\"twitter:label1\" content=\"Est. reading time\" \/>\n\t<meta name=\"twitter:data1\" content=\"1 minute\" \/>\n<script type=\"application\/ld+json\" class=\"yoast-schema-graph\">{\"@context\":\"https:\/\/schema.org\",\"@graph\":[{\"@type\":\"WebPage\",\"@id\":\"https:\/\/www.monmousseau.com\/en\/visit-our-cellars\/\",\"url\":\"https:\/\/www.monmousseau.com\/en\/visit-our-cellars\/\",\"name\":\"Visit our cellars - Monmousseau\",\"isPartOf\":{\"@id\":\"https:\/\/www.monmousseau.com\/#website\"},\"primaryImageOfPage\":{\"@id\":\"https:\/\/www.monmousseau.com\/en\/visit-our-cellars\/#primaryimage\"},\"image\":{\"@id\":\"https:\/\/www.monmousseau.com\/en\/visit-our-cellars\/#primaryimage\"},\"thumbnailUrl\":\"https:\/\/www.monmousseau.com\/wp-content\/uploads\/2022\/01\/senograhpie.jpg\",\"datePublished\":\"2022-01-17T10:36:02+00:00\",\"dateModified\":\"2024-09-13T08:56:10+00:00\",\"breadcrumb\":{\"@id\":\"https:\/\/www.monmousseau.com\/en\/visit-our-cellars\/#breadcrumb\"},\"inLanguage\":\"en-US\",\"potentialAction\":[{\"@type\":\"ReadAction\",\"target\":[\"https:\/\/www.monmousseau.com\/en\/visit-our-cellars\/\"]}]},{\"@type\":\"ImageObject\",\"inLanguage\":\"en-US\",\"@id\":\"https:\/\/www.monmousseau.com\/en\/visit-our-cellars\/#primaryimage\",\"url\":\"https:\/\/www.monmousseau.com\/wp-content\/uploads\/2022\/01\/senograhpie.jpg\",\"contentUrl\":\"https:\/\/www.monmousseau.com\/wp-content\/uploads\/2022\/01\/senograhpie.jpg\"},{\"@type\":\"BreadcrumbList\",\"@id\":\"https:\/\/www.monmousseau.com\/en\/visit-our-cellars\/#breadcrumb\",\"itemListElement\":[{\"@type\":\"ListItem\",\"position\":1,\"name\":\"Accueil\",\"item\":\"https:\/\/www.monmousseau.com\/en\/home\/\"},{\"@type\":\"ListItem\",\"position\":2,\"name\":\"Visit our cellars\"}]},{\"@type\":\"WebSite\",\"@id\":\"https:\/\/www.monmousseau.com\/#website\",\"url\":\"https:\/\/www.monmousseau.com\/\",\"name\":\"Monmousseau\",\"description\":\"D\u00e9couvrez les Caves Monmousseau, sa visite au c\u0153ur des caves de lumi\u00e8res, sa d\u00e9gustation et ses fines bulles de Touraine depuis 1886.\",\"publisher\":{\"@id\":\"https:\/\/www.monmousseau.com\/#organization\"},\"potentialAction\":[{\"@type\":\"SearchAction\",\"target\":{\"@type\":\"EntryPoint\",\"urlTemplate\":\"https:\/\/www.monmousseau.com\/?s={search_term_string}\"},\"query-input\":{\"@type\":\"PropertyValueSpecification\",\"valueRequired\":true,\"valueName\":\"search_term_string\"}}],\"inLanguage\":\"en-US\"},{\"@type\":\"Organization\",\"@id\":\"https:\/\/www.monmousseau.com\/#organization\",\"name\":\"Monmousseau\",\"url\":\"https:\/\/www.monmousseau.com\/\",\"logo\":{\"@type\":\"ImageObject\",\"inLanguage\":\"en-US\",\"@id\":\"https:\/\/www.monmousseau.com\/#\/schema\/logo\/image\/\",\"url\":\"https:\/\/www.monmousseau.com\/wp-content\/uploads\/2022\/01\/logo_header-3.png\",\"contentUrl\":\"https:\/\/www.monmousseau.com\/wp-content\/uploads\/2022\/01\/logo_header-3.png\",\"width\":307,\"height\":75,\"caption\":\"Monmousseau\"},\"image\":{\"@id\":\"https:\/\/www.monmousseau.com\/#\/schema\/logo\/image\/\"}}]}<\/script>\n<!-- \/ Yoast SEO plugin. -->","yoast_head_json":{"title":"Visit our cellars - Monmousseau","robots":{"index":"index","follow":"follow","max-snippet":"max-snippet:-1","max-image-preview":"max-image-preview:large","max-video-preview":"max-video-preview:-1"},"canonical":"https:\/\/www.monmousseau.com\/en\/visit-our-cellars\/","og_locale":"en_US","og_type":"article","og_title":"Visit our cellars - Monmousseau","og_description":"Visit the Monmousseau cellars A visit to the heart of tradition                Maison Monmousseau has been producing prestigious fine bubbles in the greatest tradition since 1886. Our vintages are matured by hand in our tufa cellars. Dive into the authentic world of a great Touraine wine house with its know-how and its 15 km of galleries. An immersive and poetic journey of light projections on the famous castles of the Loire Valley. Discover the visit A new tour: an original concept combining art and history. &nbsp;&raquo;&nbsp;Read more about: Visit our cellars &nbsp;&raquo;","og_url":"https:\/\/www.monmousseau.com\/en\/visit-our-cellars\/","og_site_name":"Monmousseau","article_modified_time":"2024-09-13T08:56:10+00:00","og_image":[{"url":"https:\/\/www.monmousseau.com\/wp-content\/uploads\/2022\/01\/senograhpie.jpg","type":"","width":"","height":""}],"twitter_card":"summary_large_image","twitter_misc":{"Est. reading time":"1 minute"},"schema":{"@context":"https:\/\/schema.org","@graph":[{"@type":"WebPage","@id":"https:\/\/www.monmousseau.com\/en\/visit-our-cellars\/","url":"https:\/\/www.monmousseau.com\/en\/visit-our-cellars\/","name":"Visit our cellars - Monmousseau","isPartOf":{"@id":"https:\/\/www.monmousseau.com\/#website"},"primaryImageOfPage":{"@id":"https:\/\/www.monmousseau.com\/en\/visit-our-cellars\/#primaryimage"},"image":{"@id":"https:\/\/www.monmousseau.com\/en\/visit-our-cellars\/#primaryimage"},"thumbnailUrl":"https:\/\/www.monmousseau.com\/wp-content\/uploads\/2022\/01\/senograhpie.jpg","datePublished":"2022-01-17T10:36:02+00:00","dateModified":"2024-09-13T08:56:10+00:00","breadcrumb":{"@id":"https:\/\/www.monmousseau.com\/en\/visit-our-cellars\/#breadcrumb"},"inLanguage":"en-US","potentialAction":[{"@type":"ReadAction","target":["https:\/\/www.monmousseau.com\/en\/visit-our-cellars\/"]}]},{"@type":"ImageObject","inLanguage":"en-US","@id":"https:\/\/www.monmousseau.com\/en\/visit-our-cellars\/#primaryimage","url":"https:\/\/www.monmousseau.com\/wp-content\/uploads\/2022\/01\/senograhpie.jpg","contentUrl":"https:\/\/www.monmousseau.com\/wp-content\/uploads\/2022\/01\/senograhpie.jpg"},{"@type":"BreadcrumbList","@id":"https:\/\/www.monmousseau.com\/en\/visit-our-cellars\/#breadcrumb","itemListElement":[{"@type":"ListItem","position":1,"name":"Accueil","item":"https:\/\/www.monmousseau.com\/en\/home\/"},{"@type":"ListItem","position":2,"name":"Visit our cellars"}]},{"@type":"WebSite","@id":"https:\/\/www.monmousseau.com\/#website","url":"https:\/\/www.monmousseau.com\/","name":"Monmousseau","description":"D\u00e9couvrez les Caves Monmousseau, sa visite au c\u0153ur des caves de lumi\u00e8res, sa d\u00e9gustation et ses fines bulles de Touraine depuis 1886.","publisher":{"@id":"https:\/\/www.monmousseau.com\/#organization"},"potentialAction":[{"@type":"SearchAction","target":{"@type":"EntryPoint","urlTemplate":"https:\/\/www.monmousseau.com\/?s={search_term_string}"},"query-input":{"@type":"PropertyValueSpecification","valueRequired":true,"valueName":"search_term_string"}}],"inLanguage":"en-US"},{"@type":"Organization","@id":"https:\/\/www.monmousseau.com\/#organization","name":"Monmousseau","url":"https:\/\/www.monmousseau.com\/","logo":{"@type":"ImageObject","inLanguage":"en-US","@id":"https:\/\/www.monmousseau.com\/#\/schema\/logo\/image\/","url":"https:\/\/www.monmousseau.com\/wp-content\/uploads\/2022\/01\/logo_header-3.png","contentUrl":"https:\/\/www.monmousseau.com\/wp-content\/uploads\/2022\/01\/logo_header-3.png","width":307,"height":75,"caption":"Monmousseau"},"image":{"@id":"https:\/\/www.monmousseau.com\/#\/schema\/logo\/image\/"}}]}},"_links":{"self":[{"href":"https:\/\/www.monmousseau.com\/en\/wp-json\/wp\/v2\/pages\/1245","targetHints":{"allow":["GET"]}}],"collection":[{"href":"https:\/\/www.monmousseau.com\/en\/wp-json\/wp\/v2\/pages"}],"about":[{"href":"https:\/\/www.monmousseau.com\/en\/wp-json\/wp\/v2\/types\/page"}],"author":[{"embeddable":true,"href":"https:\/\/www.monmousseau.com\/en\/wp-json\/wp\/v2\/users\/1"}],"replies":[{"embeddable":true,"href":"https:\/\/www.monmousseau.com\/en\/wp-json\/wp\/v2\/comments?post=1245"}],"version-history":[{"count":9,"href":"https:\/\/www.monmousseau.com\/en\/wp-json\/wp\/v2\/pages\/1245\/revisions"}],"predecessor-version":[{"id":2108,"href":"https:\/\/www.monmousseau.com\/en\/wp-json\/wp\/v2\/pages\/1245\/revisions\/2108"}],"wp:attachment":[{"href":"https:\/\/www.monmousseau.com\/en\/wp-json\/wp\/v2\/media?parent=1245"}],"curies":[{"name":"wp","href":"https:\/\/api.w.org\/{rel}","templated":true}]}}