{"id":1251,"date":"2022-01-17T14:03:14","date_gmt":"2022-01-17T13:03:14","guid":{"rendered":"https:\/\/www.monmousseau.com\/legal-notice\/"},"modified":"2024-09-13T10:54:38","modified_gmt":"2024-09-13T08:54:38","slug":"legal-notice","status":"publish","type":"page","link":"https:\/\/www.monmousseau.com\/en\/legal-notice\/","title":{"rendered":"Legal notice"},"content":{"rendered":"\t\t<div data-elementor-type=\"wp-page\" data-elementor-id=\"1251\" class=\"elementor elementor-1251 elementor-206\" data-elementor-post-type=\"page\">\n\t\t\t\t\t\t<section class=\"elementor-section elementor-top-section elementor-element elementor-element-986be0f elementor-section-height-min-height elementor-section-boxed elementor-section-height-default elementor-section-items-middle\" data-id=\"986be0f\" data-element_type=\"section\" data-settings=\"{&quot;background_background&quot;:&quot;classic&quot;,&quot;shape_divider_top&quot;:&quot;tilt&quot;,&quot;shape_divider_bottom&quot;:&quot;tilt&quot;}\">\n\t\t\t\t\t<div class=\"elementor-shape elementor-shape-top\" data-negative=\"false\">\n\t\t\t<svg xmlns=\"http:\/\/www.w3.org\/2000\/svg\" viewBox=\"0 0 1000 100\" preserveAspectRatio=\"none\">\n\t<path class=\"elementor-shape-fill\" d=\"M0,6V0h1000v100L0,6z\"\/>\n<\/svg>\t\t<\/div>\n\t\t\t\t<div class=\"elementor-shape elementor-shape-bottom\" data-negative=\"false\">\n\t\t\t<svg xmlns=\"http:\/\/www.w3.org\/2000\/svg\" viewBox=\"0 0 1000 100\" preserveAspectRatio=\"none\">\n\t<path class=\"elementor-shape-fill\" d=\"M0,6V0h1000v100L0,6z\"\/>\n<\/svg>\t\t<\/div>\n\t\t\t\t\t<div class=\"elementor-container elementor-column-gap-default\">\n\t\t\t\t\t<div class=\"elementor-column elementor-col-100 elementor-top-column elementor-element elementor-element-6bb6505\" data-id=\"6bb6505\" data-element_type=\"column\">\n\t\t\t<div class=\"elementor-widget-wrap\">\n\t\t\t\t\t\t\t<\/div>\n\t\t<\/div>\n\t\t\t\t\t<\/div>\n\t\t<\/section>\n\t\t\t\t<section class=\"elementor-section elementor-top-section elementor-element elementor-element-9cdf8c7 elementor-section-boxed elementor-section-height-default elementor-section-height-default\" data-id=\"9cdf8c7\" data-element_type=\"section\">\n\t\t\t\t\t\t<div class=\"elementor-container elementor-column-gap-default\">\n\t\t\t\t\t<div class=\"elementor-column elementor-col-100 elementor-top-column elementor-element elementor-element-8b6e7db\" data-id=\"8b6e7db\" data-element_type=\"column\">\n\t\t\t<div class=\"elementor-widget-wrap elementor-element-populated\">\n\t\t\t\t\t\t<div class=\"elementor-element elementor-element-82516d2 elementor-widget elementor-widget-breadcrumbs\" data-id=\"82516d2\" data-element_type=\"widget\" data-widget_type=\"breadcrumbs.default\">\n\t\t\t\t<div class=\"elementor-widget-container\">\n\t\t\t<p id=\"breadcrumbs\"><span><span><a href=\"https:\/\/www.monmousseau.com\/en\/home\/\">Accueil<\/a><\/span><\/span><\/p>\t\t<\/div>\n\t\t\t\t<\/div>\n\t\t\t\t<div class=\"elementor-element elementor-element-ce9b298 elementor-widget elementor-widget-heading\" data-id=\"ce9b298\" data-element_type=\"widget\" data-widget_type=\"heading.default\">\n\t\t\t\t<div class=\"elementor-widget-container\">\n\t\t\t<h1 class=\"elementor-heading-title elementor-size-default\">Legal notice<\/h1>\t\t<\/div>\n\t\t\t\t<\/div>\n\t\t\t\t\t<\/div>\n\t\t<\/div>\n\t\t\t\t\t<\/div>\n\t\t<\/section>\n\t\t\t\t<section class=\"elementor-section elementor-top-section elementor-element elementor-element-b3f8d1f elementor-section-boxed elementor-section-height-default elementor-section-height-default\" data-id=\"b3f8d1f\" data-element_type=\"section\">\n\t\t\t\t\t\t<div class=\"elementor-container elementor-column-gap-default\">\n\t\t\t\t\t<div class=\"elementor-column elementor-col-100 elementor-top-column elementor-element elementor-element-c195a97\" data-id=\"c195a97\" data-element_type=\"column\">\n\t\t\t<div class=\"elementor-widget-wrap elementor-element-populated\">\n\t\t\t\t\t\t<div class=\"elementor-element elementor-element-4cd06b7 elementor-widget elementor-widget-text-editor\" data-id=\"4cd06b7\" data-element_type=\"widget\" data-widget_type=\"text-editor.default\">\n\t\t\t\t<div class=\"elementor-widget-container\">\n\t\t\t\t\t\t\t<p><strong>SA Orchid\u00e9es, Maisons de Vin<br \/><\/strong>19, rue L\u00e9opold Palustre Saint-Hilaire<br \/>CS84002<br \/>Saint Hilaire Saint-Florent 49400 Saumur<\/p>\n<p>Mail : contact@orchidees-maisonsdevin.fr<\/p>\n<p>Phone : 02 41 53 03 10<br \/>Fax. : 02 41 53 03 18 <\/p>\n<p>Capital Social 3 100 000 euros \u2013 RCS Angers 665 480 133<\/p>\n<p>SIRET 66548013300115 \u2013 TVA intra. FR88665480133<\/p>\n<p><strong>Cookies :<\/strong><\/p>\n<p>In order to serve you better, we use cookies to measure the number of pages viewed, the number of visits, as well as the activity of visitors on the site and their frequency of return, through solutions like Google Analytics and Piwik.<\/p>\n<p><strong>Director of Publication:<\/strong><\/p>\n<p>Estelle Guerin \u2013 Directeur Marketing Strat\u00e9gie<\/p>\n<p><strong>Technical realization :<\/strong><\/p>\n<p>Digilium SARL<\/p>\n<p><strong>Hosting:<\/strong><\/p>\n<p>SAS OVH, 2 rue Kellermann\u2013 59100 Roubaix \u2013 France<\/p>\n<p>T\u00e9l\u00e9phone : 0899 701 761 (1.349 \u20ac TTC l\u2019appel, et 0.337 \u20ac TTC\/mn)<\/p>\n<p>Fax : + 33 (0) 3 20 20 09 58<\/p>\n<p>Site Internet : www.ovh.com<\/p>\n<p>Hotline : http:\/\/ovh.com\/fr\/contact\/support\/<\/p>\n<p><strong>Photo Credit:<\/strong><\/p>\n<p>\u00a9 Briag Courteaux \/ \u00a9 Philippe Body<\/p>\n<p><strong>Reproduction rights :<\/strong><\/p>\n<p>The information presented on this site is public. The reproduction of the pages of this site is authorized on the condition that the source is mentioned and that a link is created on the reference page(s). They may not be used for commercial or advertising purposes. When data present on this site have a nominative character, the users must make a use of it in conformity with the regulations in force and the recommendations of the National Commission of Data processing and Freedoms (CNIL).<\/p>\n\t\t\t\t\t\t<\/div>\n\t\t\t\t<\/div>\n\t\t\t\t\t<\/div>\n\t\t<\/div>\n\t\t\t\t\t<\/div>\n\t\t<\/section>\n\t\t\t\t<\/div>\n\t\t","protected":false},"excerpt":{"rendered":"<p>SA Orchid\u00e9es, Maisons de Vin<br \/>19, rue L\u00e9opold Palustre Saint-Hilaire<br \/>CS84002<br \/>Saint Hilaire Saint-Florent 49400 Saumur<\/p>\n<p>Mail : contact@orchidees-maisonsdevin.fr<\/p>\n<p>Phone : 02 41 53 03 10<br \/>Fax. : 02 41 53 03 18 <\/p>\n<p>Capital Social 3 100 000 euros \u2013 RCS Angers 665 480 133<\/p>\n<p>SIRET 66548013300115 \u2013 TVA intra. FR88665480133<\/p>\n<p>Cookies :<\/p>\n<p>In order to serve you better,<\/p>\n<p>  <a href=\"https:\/\/www.monmousseau.com\/en\/legal-notice\/\">&nbsp;&raquo;&nbsp;Read more about: Legal notice &nbsp;&raquo;<\/a><\/p>\n","protected":false},"author":1,"featured_media":0,"parent":0,"menu_order":0,"comment_status":"closed","ping_status":"closed","template":"","meta":{"footnotes":""},"class_list":["post-1251","page","type-page","status-publish","hentry"],"yoast_head":"<!-- This site is optimized with the Yoast SEO plugin v26.8 - https:\/\/yoast.com\/product\/yoast-seo-wordpress\/ -->\n<title>Legal notice - Monmousseau<\/title>\n<meta name=\"robots\" content=\"index, follow, max-snippet:-1, max-image-preview:large, max-video-preview:-1\" \/>\n<link rel=\"canonical\" href=\"https:\/\/www.monmousseau.com\/en\/legal-notice\/\" \/>\n<meta property=\"og:locale\" content=\"en_US\" \/>\n<meta property=\"og:type\" content=\"article\" \/>\n<meta property=\"og:title\" content=\"Legal notice - Monmousseau\" \/>\n<meta property=\"og:description\" content=\"SA Orchid\u00e9es, Maisons de Vin19, rue L\u00e9opold Palustre Saint-HilaireCS84002Saint Hilaire Saint-Florent 49400 Saumur Mail : contact@orchidees-maisonsdevin.fr Phone : 02 41 53 03 10Fax. : 02 41 53 03 18 Capital Social 3 100 000 euros \u2013 RCS Angers 665 480 133 SIRET 66548013300115 \u2013 TVA intra. FR88665480133 Cookies : In order to serve you better, &nbsp;&raquo;&nbsp;Read more about: Legal notice &nbsp;&raquo;\" \/>\n<meta property=\"og:url\" content=\"https:\/\/www.monmousseau.com\/en\/legal-notice\/\" \/>\n<meta property=\"og:site_name\" content=\"Monmousseau\" \/>\n<meta property=\"article:modified_time\" content=\"2024-09-13T08:54:38+00:00\" \/>\n<meta name=\"twitter:card\" content=\"summary_large_image\" \/>\n<meta name=\"twitter:label1\" content=\"Est. reading time\" \/>\n\t<meta name=\"twitter:data1\" content=\"1 minute\" \/>\n<script type=\"application\/ld+json\" class=\"yoast-schema-graph\">{\"@context\":\"https:\/\/schema.org\",\"@graph\":[{\"@type\":\"WebPage\",\"@id\":\"https:\/\/www.monmousseau.com\/en\/legal-notice\/\",\"url\":\"https:\/\/www.monmousseau.com\/en\/legal-notice\/\",\"name\":\"Legal notice - Monmousseau\",\"isPartOf\":{\"@id\":\"https:\/\/www.monmousseau.com\/#website\"},\"datePublished\":\"2022-01-17T13:03:14+00:00\",\"dateModified\":\"2024-09-13T08:54:38+00:00\",\"breadcrumb\":{\"@id\":\"https:\/\/www.monmousseau.com\/en\/legal-notice\/#breadcrumb\"},\"inLanguage\":\"en-US\",\"potentialAction\":[{\"@type\":\"ReadAction\",\"target\":[\"https:\/\/www.monmousseau.com\/en\/legal-notice\/\"]}]},{\"@type\":\"BreadcrumbList\",\"@id\":\"https:\/\/www.monmousseau.com\/en\/legal-notice\/#breadcrumb\",\"itemListElement\":[{\"@type\":\"ListItem\",\"position\":1,\"name\":\"Accueil\",\"item\":\"https:\/\/www.monmousseau.com\/en\/home\/\"},{\"@type\":\"ListItem\",\"position\":2,\"name\":\"Legal notice\"}]},{\"@type\":\"WebSite\",\"@id\":\"https:\/\/www.monmousseau.com\/#website\",\"url\":\"https:\/\/www.monmousseau.com\/\",\"name\":\"Monmousseau\",\"description\":\"D\u00e9couvrez les Caves Monmousseau, sa visite au c\u0153ur des caves de lumi\u00e8res, sa d\u00e9gustation et ses fines bulles de Touraine depuis 1886.\",\"publisher\":{\"@id\":\"https:\/\/www.monmousseau.com\/#organization\"},\"potentialAction\":[{\"@type\":\"SearchAction\",\"target\":{\"@type\":\"EntryPoint\",\"urlTemplate\":\"https:\/\/www.monmousseau.com\/?s={search_term_string}\"},\"query-input\":{\"@type\":\"PropertyValueSpecification\",\"valueRequired\":true,\"valueName\":\"search_term_string\"}}],\"inLanguage\":\"en-US\"},{\"@type\":\"Organization\",\"@id\":\"https:\/\/www.monmousseau.com\/#organization\",\"name\":\"Monmousseau\",\"url\":\"https:\/\/www.monmousseau.com\/\",\"logo\":{\"@type\":\"ImageObject\",\"inLanguage\":\"en-US\",\"@id\":\"https:\/\/www.monmousseau.com\/#\/schema\/logo\/image\/\",\"url\":\"https:\/\/www.monmousseau.com\/wp-content\/uploads\/2022\/01\/logo_header-3.png\",\"contentUrl\":\"https:\/\/www.monmousseau.com\/wp-content\/uploads\/2022\/01\/logo_header-3.png\",\"width\":307,\"height\":75,\"caption\":\"Monmousseau\"},\"image\":{\"@id\":\"https:\/\/www.monmousseau.com\/#\/schema\/logo\/image\/\"}}]}<\/script>\n<!-- \/ Yoast SEO plugin. -->","yoast_head_json":{"title":"Legal notice - Monmousseau","robots":{"index":"index","follow":"follow","max-snippet":"max-snippet:-1","max-image-preview":"max-image-preview:large","max-video-preview":"max-video-preview:-1"},"canonical":"https:\/\/www.monmousseau.com\/en\/legal-notice\/","og_locale":"en_US","og_type":"article","og_title":"Legal notice - Monmousseau","og_description":"SA Orchid\u00e9es, Maisons de Vin19, rue L\u00e9opold Palustre Saint-HilaireCS84002Saint Hilaire Saint-Florent 49400 Saumur Mail : contact@orchidees-maisonsdevin.fr Phone : 02 41 53 03 10Fax. : 02 41 53 03 18 Capital Social 3 100 000 euros \u2013 RCS Angers 665 480 133 SIRET 66548013300115 \u2013 TVA intra. FR88665480133 Cookies : In order to serve you better, &nbsp;&raquo;&nbsp;Read more about: Legal notice &nbsp;&raquo;","og_url":"https:\/\/www.monmousseau.com\/en\/legal-notice\/","og_site_name":"Monmousseau","article_modified_time":"2024-09-13T08:54:38+00:00","twitter_card":"summary_large_image","twitter_misc":{"Est. reading time":"1 minute"},"schema":{"@context":"https:\/\/schema.org","@graph":[{"@type":"WebPage","@id":"https:\/\/www.monmousseau.com\/en\/legal-notice\/","url":"https:\/\/www.monmousseau.com\/en\/legal-notice\/","name":"Legal notice - Monmousseau","isPartOf":{"@id":"https:\/\/www.monmousseau.com\/#website"},"datePublished":"2022-01-17T13:03:14+00:00","dateModified":"2024-09-13T08:54:38+00:00","breadcrumb":{"@id":"https:\/\/www.monmousseau.com\/en\/legal-notice\/#breadcrumb"},"inLanguage":"en-US","potentialAction":[{"@type":"ReadAction","target":["https:\/\/www.monmousseau.com\/en\/legal-notice\/"]}]},{"@type":"BreadcrumbList","@id":"https:\/\/www.monmousseau.com\/en\/legal-notice\/#breadcrumb","itemListElement":[{"@type":"ListItem","position":1,"name":"Accueil","item":"https:\/\/www.monmousseau.com\/en\/home\/"},{"@type":"ListItem","position":2,"name":"Legal notice"}]},{"@type":"WebSite","@id":"https:\/\/www.monmousseau.com\/#website","url":"https:\/\/www.monmousseau.com\/","name":"Monmousseau","description":"D\u00e9couvrez les Caves Monmousseau, sa visite au c\u0153ur des caves de lumi\u00e8res, sa d\u00e9gustation et ses fines bulles de Touraine depuis 1886.","publisher":{"@id":"https:\/\/www.monmousseau.com\/#organization"},"potentialAction":[{"@type":"SearchAction","target":{"@type":"EntryPoint","urlTemplate":"https:\/\/www.monmousseau.com\/?s={search_term_string}"},"query-input":{"@type":"PropertyValueSpecification","valueRequired":true,"valueName":"search_term_string"}}],"inLanguage":"en-US"},{"@type":"Organization","@id":"https:\/\/www.monmousseau.com\/#organization","name":"Monmousseau","url":"https:\/\/www.monmousseau.com\/","logo":{"@type":"ImageObject","inLanguage":"en-US","@id":"https:\/\/www.monmousseau.com\/#\/schema\/logo\/image\/","url":"https:\/\/www.monmousseau.com\/wp-content\/uploads\/2022\/01\/logo_header-3.png","contentUrl":"https:\/\/www.monmousseau.com\/wp-content\/uploads\/2022\/01\/logo_header-3.png","width":307,"height":75,"caption":"Monmousseau"},"image":{"@id":"https:\/\/www.monmousseau.com\/#\/schema\/logo\/image\/"}}]}},"_links":{"self":[{"href":"https:\/\/www.monmousseau.com\/en\/wp-json\/wp\/v2\/pages\/1251","targetHints":{"allow":["GET"]}}],"collection":[{"href":"https:\/\/www.monmousseau.com\/en\/wp-json\/wp\/v2\/pages"}],"about":[{"href":"https:\/\/www.monmousseau.com\/en\/wp-json\/wp\/v2\/types\/page"}],"author":[{"embeddable":true,"href":"https:\/\/www.monmousseau.com\/en\/wp-json\/wp\/v2\/users\/1"}],"replies":[{"embeddable":true,"href":"https:\/\/www.monmousseau.com\/en\/wp-json\/wp\/v2\/comments?post=1251"}],"version-history":[{"count":3,"href":"https:\/\/www.monmousseau.com\/en\/wp-json\/wp\/v2\/pages\/1251\/revisions"}],"predecessor-version":[{"id":2098,"href":"https:\/\/www.monmousseau.com\/en\/wp-json\/wp\/v2\/pages\/1251\/revisions\/2098"}],"wp:attachment":[{"href":"https:\/\/www.monmousseau.com\/en\/wp-json\/wp\/v2\/media?parent=1251"}],"curies":[{"name":"wp","href":"https:\/\/api.w.org\/{rel}","templated":true}]}}